{"id":2395,"date":"2019-03-29T13:33:12","date_gmt":"2019-03-29T12:33:12","guid":{"rendered":"https:\/\/goalive.cartv.eu\/karriere\/"},"modified":"2022-08-30T11:13:04","modified_gmt":"2022-08-30T10:13:04","slug":"kariera","status":"publish","type":"page","link":"https:\/\/www.cartv.eu\/sk\/kariera\/","title":{"rendered":"Kari\u00e9ra"},"content":{"rendered":"","protected":false},"excerpt":{"rendered":"","protected":false},"author":1,"featured_media":0,"parent":0,"menu_order":0,"comment_status":"closed","ping_status":"closed","template":"","meta":{"inline_featured_image":false,"footnotes":""},"class_list":["post-2395","page","type-page","status-publish","hentry"],"acf":[],"yoast_head":"<!-- This site is optimized with the Yoast SEO plugin v25.4 - https:\/\/yoast.com\/wordpress\/plugins\/seo\/ -->\n<title>Kari\u00e9ra - CARTV<\/title>\n<meta name=\"description\" content=\"Pre na\u0161e prev\u00e1dzky v Mn\u00edchove, Bratislave a Var\u0161ave CARTV neust\u00e1le h\u013ead\u00e1 nov\u00fdch motivovan\u00fdch zamestnancov.\" \/>\n<meta name=\"robots\" content=\"index, follow, max-snippet:-1, max-image-preview:large, max-video-preview:-1\" \/>\n<link rel=\"canonical\" href=\"https:\/\/www.cartv.eu\/sk\/kariera\/\" \/>\n<meta property=\"og:locale\" content=\"sk_SK\" \/>\n<meta property=\"og:type\" content=\"article\" \/>\n<meta property=\"og:title\" content=\"Kari\u00e9ra - CARTV\" \/>\n<meta property=\"og:description\" content=\"Pre na\u0161e prev\u00e1dzky v Mn\u00edchove, Bratislave a Var\u0161ave CARTV neust\u00e1le h\u013ead\u00e1 nov\u00fdch motivovan\u00fdch zamestnancov.\" \/>\n<meta property=\"og:url\" content=\"https:\/\/www.cartv.eu\/sk\/kariera\/\" \/>\n<meta property=\"og:site_name\" content=\"CARTV\" \/>\n<meta property=\"article:modified_time\" content=\"2022-08-30T10:13:04+00:00\" \/>\n<meta name=\"twitter:card\" content=\"summary_large_image\" \/>\n<script type=\"application\/ld+json\" class=\"yoast-schema-graph\">{\"@context\":\"https:\/\/schema.org\",\"@graph\":[{\"@type\":\"WebPage\",\"@id\":\"https:\/\/www.cartv.eu\/sk\/kariera\/\",\"url\":\"https:\/\/www.cartv.eu\/sk\/kariera\/\",\"name\":\"Kari\u00e9ra - CARTV\",\"isPartOf\":{\"@id\":\"https:\/\/www.cartv.eu\/sk\/#website\"},\"datePublished\":\"2019-03-29T12:33:12+00:00\",\"dateModified\":\"2022-08-30T10:13:04+00:00\",\"description\":\"Pre na\u0161e prev\u00e1dzky v Mn\u00edchove, Bratislave a Var\u0161ave CARTV neust\u00e1le h\u013ead\u00e1 nov\u00fdch motivovan\u00fdch zamestnancov.\",\"breadcrumb\":{\"@id\":\"https:\/\/www.cartv.eu\/sk\/kariera\/#breadcrumb\"},\"inLanguage\":\"sk-SK\",\"potentialAction\":[{\"@type\":\"ReadAction\",\"target\":[\"https:\/\/www.cartv.eu\/sk\/kariera\/\"]}]},{\"@type\":\"BreadcrumbList\",\"@id\":\"https:\/\/www.cartv.eu\/sk\/kariera\/#breadcrumb\",\"itemListElement\":[{\"@type\":\"ListItem\",\"position\":1,\"name\":\"Startseite\",\"item\":\"https:\/\/www.cartv.eu\/sk\/startseite\/\"},{\"@type\":\"ListItem\",\"position\":2,\"name\":\"Kari\u00e9ra\"}]},{\"@type\":\"WebSite\",\"@id\":\"https:\/\/www.cartv.eu\/sk\/#website\",\"url\":\"https:\/\/www.cartv.eu\/sk\/\",\"name\":\"CARTV\",\"description\":\"\",\"potentialAction\":[{\"@type\":\"SearchAction\",\"target\":{\"@type\":\"EntryPoint\",\"urlTemplate\":\"https:\/\/www.cartv.eu\/sk\/?s={search_term_string}\"},\"query-input\":{\"@type\":\"PropertyValueSpecification\",\"valueRequired\":true,\"valueName\":\"search_term_string\"}}],\"inLanguage\":\"sk-SK\"}]}<\/script>\n<!-- \/ Yoast SEO plugin. -->","yoast_head_json":{"title":"Kari\u00e9ra - CARTV","description":"Pre na\u0161e prev\u00e1dzky v Mn\u00edchove, Bratislave a Var\u0161ave CARTV neust\u00e1le h\u013ead\u00e1 nov\u00fdch motivovan\u00fdch zamestnancov.","robots":{"index":"index","follow":"follow","max-snippet":"max-snippet:-1","max-image-preview":"max-image-preview:large","max-video-preview":"max-video-preview:-1"},"canonical":"https:\/\/www.cartv.eu\/sk\/kariera\/","og_locale":"sk_SK","og_type":"article","og_title":"Kari\u00e9ra - CARTV","og_description":"Pre na\u0161e prev\u00e1dzky v Mn\u00edchove, Bratislave a Var\u0161ave CARTV neust\u00e1le h\u013ead\u00e1 nov\u00fdch motivovan\u00fdch zamestnancov.","og_url":"https:\/\/www.cartv.eu\/sk\/kariera\/","og_site_name":"CARTV","article_modified_time":"2022-08-30T10:13:04+00:00","twitter_card":"summary_large_image","schema":{"@context":"https:\/\/schema.org","@graph":[{"@type":"WebPage","@id":"https:\/\/www.cartv.eu\/sk\/kariera\/","url":"https:\/\/www.cartv.eu\/sk\/kariera\/","name":"Kari\u00e9ra - CARTV","isPartOf":{"@id":"https:\/\/www.cartv.eu\/sk\/#website"},"datePublished":"2019-03-29T12:33:12+00:00","dateModified":"2022-08-30T10:13:04+00:00","description":"Pre na\u0161e prev\u00e1dzky v Mn\u00edchove, Bratislave a Var\u0161ave CARTV neust\u00e1le h\u013ead\u00e1 nov\u00fdch motivovan\u00fdch zamestnancov.","breadcrumb":{"@id":"https:\/\/www.cartv.eu\/sk\/kariera\/#breadcrumb"},"inLanguage":"sk-SK","potentialAction":[{"@type":"ReadAction","target":["https:\/\/www.cartv.eu\/sk\/kariera\/"]}]},{"@type":"BreadcrumbList","@id":"https:\/\/www.cartv.eu\/sk\/kariera\/#breadcrumb","itemListElement":[{"@type":"ListItem","position":1,"name":"Startseite","item":"https:\/\/www.cartv.eu\/sk\/startseite\/"},{"@type":"ListItem","position":2,"name":"Kari\u00e9ra"}]},{"@type":"WebSite","@id":"https:\/\/www.cartv.eu\/sk\/#website","url":"https:\/\/www.cartv.eu\/sk\/","name":"CARTV","description":"","potentialAction":[{"@type":"SearchAction","target":{"@type":"EntryPoint","urlTemplate":"https:\/\/www.cartv.eu\/sk\/?s={search_term_string}"},"query-input":{"@type":"PropertyValueSpecification","valueRequired":true,"valueName":"search_term_string"}}],"inLanguage":"sk-SK"}]}},"_links":{"self":[{"href":"https:\/\/www.cartv.eu\/sk\/wp-json\/wp\/v2\/pages\/2395","targetHints":{"allow":["GET"]}}],"collection":[{"href":"https:\/\/www.cartv.eu\/sk\/wp-json\/wp\/v2\/pages"}],"about":[{"href":"https:\/\/www.cartv.eu\/sk\/wp-json\/wp\/v2\/types\/page"}],"author":[{"embeddable":true,"href":"https:\/\/www.cartv.eu\/sk\/wp-json\/wp\/v2\/users\/1"}],"replies":[{"embeddable":true,"href":"https:\/\/www.cartv.eu\/sk\/wp-json\/wp\/v2\/comments?post=2395"}],"version-history":[{"count":14,"href":"https:\/\/www.cartv.eu\/sk\/wp-json\/wp\/v2\/pages\/2395\/revisions"}],"predecessor-version":[{"id":8067,"href":"https:\/\/www.cartv.eu\/sk\/wp-json\/wp\/v2\/pages\/2395\/revisions\/8067"}],"wp:attachment":[{"href":"https:\/\/www.cartv.eu\/sk\/wp-json\/wp\/v2\/media?parent=2395"}],"curies":[{"name":"wp","href":"https:\/\/api.w.org\/{rel}","templated":true}]}}