{"id":2327,"date":"2019-04-18T08:53:08","date_gmt":"2019-04-18T07:53:08","guid":{"rendered":"https:\/\/goalive.cartv.eu\/service-produkte\/cartv-fleet\/"},"modified":"2022-08-29T16:36:24","modified_gmt":"2022-08-29T15:36:24","slug":"cartv-fleet","status":"publish","type":"page","link":"https:\/\/www.cartv.eu\/sk\/sluzby-a-produkty\/cartv-fleet\/","title":{"rendered":"CARTV fleet"},"content":{"rendered":"","protected":false},"excerpt":{"rendered":"","protected":false},"author":1,"featured_media":0,"parent":2316,"menu_order":0,"comment_status":"closed","ping_status":"closed","template":"","meta":{"inline_featured_image":false,"footnotes":""},"class_list":["post-2327","page","type-page","status-publish","hentry"],"acf":[],"yoast_head":"<!-- This site is optimized with the Yoast SEO plugin v25.4 - https:\/\/yoast.com\/wordpress\/plugins\/seo\/ -->\n<title>CARTV fleet - CARTV<\/title>\n<meta name=\"description\" content=\"So slu\u017ebou CARTV fleet m\u00f4\u017eu firmy alebo leasingov\u00e9 spolo\u010dnosti uv\u00e1dza\u0165 na trh svoje vozidl\u00e1. Lukrat\u00edvny biznis, preto\u017ee CARTV zabezpe\u010duje bezpe\u010dn\u00fd predaj na predajcov vozidiel.\" \/>\n<meta name=\"robots\" content=\"index, follow, max-snippet:-1, max-image-preview:large, max-video-preview:-1\" \/>\n<link rel=\"canonical\" href=\"https:\/\/www.cartv.eu\/sk\/sluzby-a-produkty\/cartv-fleet\/\" \/>\n<meta property=\"og:locale\" content=\"sk_SK\" \/>\n<meta property=\"og:type\" content=\"article\" \/>\n<meta property=\"og:title\" content=\"CARTV fleet - CARTV\" \/>\n<meta property=\"og:description\" content=\"So slu\u017ebou CARTV fleet m\u00f4\u017eu firmy alebo leasingov\u00e9 spolo\u010dnosti uv\u00e1dza\u0165 na trh svoje vozidl\u00e1. Lukrat\u00edvny biznis, preto\u017ee CARTV zabezpe\u010duje bezpe\u010dn\u00fd predaj na predajcov vozidiel.\" \/>\n<meta property=\"og:url\" content=\"https:\/\/www.cartv.eu\/sk\/sluzby-a-produkty\/cartv-fleet\/\" \/>\n<meta property=\"og:site_name\" content=\"CARTV\" \/>\n<meta property=\"article:modified_time\" content=\"2022-08-29T15:36:24+00:00\" \/>\n<meta name=\"twitter:card\" content=\"summary_large_image\" \/>\n<script type=\"application\/ld+json\" class=\"yoast-schema-graph\">{\"@context\":\"https:\/\/schema.org\",\"@graph\":[{\"@type\":\"WebPage\",\"@id\":\"https:\/\/www.cartv.eu\/sk\/sluzby-a-produkty\/cartv-fleet\/\",\"url\":\"https:\/\/www.cartv.eu\/sk\/sluzby-a-produkty\/cartv-fleet\/\",\"name\":\"CARTV fleet - CARTV\",\"isPartOf\":{\"@id\":\"https:\/\/www.cartv.eu\/sk\/#website\"},\"datePublished\":\"2019-04-18T07:53:08+00:00\",\"dateModified\":\"2022-08-29T15:36:24+00:00\",\"description\":\"So slu\u017ebou CARTV fleet m\u00f4\u017eu firmy alebo leasingov\u00e9 spolo\u010dnosti uv\u00e1dza\u0165 na trh svoje vozidl\u00e1. Lukrat\u00edvny biznis, preto\u017ee CARTV zabezpe\u010duje bezpe\u010dn\u00fd predaj na predajcov vozidiel.\",\"breadcrumb\":{\"@id\":\"https:\/\/www.cartv.eu\/sk\/sluzby-a-produkty\/cartv-fleet\/#breadcrumb\"},\"inLanguage\":\"sk-SK\",\"potentialAction\":[{\"@type\":\"ReadAction\",\"target\":[\"https:\/\/www.cartv.eu\/sk\/sluzby-a-produkty\/cartv-fleet\/\"]}]},{\"@type\":\"BreadcrumbList\",\"@id\":\"https:\/\/www.cartv.eu\/sk\/sluzby-a-produkty\/cartv-fleet\/#breadcrumb\",\"itemListElement\":[{\"@type\":\"ListItem\",\"position\":1,\"name\":\"Startseite\",\"item\":\"https:\/\/www.cartv.eu\/sk\/startseite\/\"},{\"@type\":\"ListItem\",\"position\":2,\"name\":\"Slu\u017eby a produkty\",\"item\":\"https:\/\/www.cartv.eu\/sk\/sluzby-a-produkty\/\"},{\"@type\":\"ListItem\",\"position\":3,\"name\":\"CARTV fleet\"}]},{\"@type\":\"WebSite\",\"@id\":\"https:\/\/www.cartv.eu\/sk\/#website\",\"url\":\"https:\/\/www.cartv.eu\/sk\/\",\"name\":\"CARTV\",\"description\":\"\",\"potentialAction\":[{\"@type\":\"SearchAction\",\"target\":{\"@type\":\"EntryPoint\",\"urlTemplate\":\"https:\/\/www.cartv.eu\/sk\/?s={search_term_string}\"},\"query-input\":{\"@type\":\"PropertyValueSpecification\",\"valueRequired\":true,\"valueName\":\"search_term_string\"}}],\"inLanguage\":\"sk-SK\"}]}<\/script>\n<!-- \/ Yoast SEO plugin. -->","yoast_head_json":{"title":"CARTV fleet - CARTV","description":"So slu\u017ebou CARTV fleet m\u00f4\u017eu firmy alebo leasingov\u00e9 spolo\u010dnosti uv\u00e1dza\u0165 na trh svoje vozidl\u00e1. Lukrat\u00edvny biznis, preto\u017ee CARTV zabezpe\u010duje bezpe\u010dn\u00fd predaj na predajcov vozidiel.","robots":{"index":"index","follow":"follow","max-snippet":"max-snippet:-1","max-image-preview":"max-image-preview:large","max-video-preview":"max-video-preview:-1"},"canonical":"https:\/\/www.cartv.eu\/sk\/sluzby-a-produkty\/cartv-fleet\/","og_locale":"sk_SK","og_type":"article","og_title":"CARTV fleet - CARTV","og_description":"So slu\u017ebou CARTV fleet m\u00f4\u017eu firmy alebo leasingov\u00e9 spolo\u010dnosti uv\u00e1dza\u0165 na trh svoje vozidl\u00e1. Lukrat\u00edvny biznis, preto\u017ee CARTV zabezpe\u010duje bezpe\u010dn\u00fd predaj na predajcov vozidiel.","og_url":"https:\/\/www.cartv.eu\/sk\/sluzby-a-produkty\/cartv-fleet\/","og_site_name":"CARTV","article_modified_time":"2022-08-29T15:36:24+00:00","twitter_card":"summary_large_image","schema":{"@context":"https:\/\/schema.org","@graph":[{"@type":"WebPage","@id":"https:\/\/www.cartv.eu\/sk\/sluzby-a-produkty\/cartv-fleet\/","url":"https:\/\/www.cartv.eu\/sk\/sluzby-a-produkty\/cartv-fleet\/","name":"CARTV fleet - CARTV","isPartOf":{"@id":"https:\/\/www.cartv.eu\/sk\/#website"},"datePublished":"2019-04-18T07:53:08+00:00","dateModified":"2022-08-29T15:36:24+00:00","description":"So slu\u017ebou CARTV fleet m\u00f4\u017eu firmy alebo leasingov\u00e9 spolo\u010dnosti uv\u00e1dza\u0165 na trh svoje vozidl\u00e1. Lukrat\u00edvny biznis, preto\u017ee CARTV zabezpe\u010duje bezpe\u010dn\u00fd predaj na predajcov vozidiel.","breadcrumb":{"@id":"https:\/\/www.cartv.eu\/sk\/sluzby-a-produkty\/cartv-fleet\/#breadcrumb"},"inLanguage":"sk-SK","potentialAction":[{"@type":"ReadAction","target":["https:\/\/www.cartv.eu\/sk\/sluzby-a-produkty\/cartv-fleet\/"]}]},{"@type":"BreadcrumbList","@id":"https:\/\/www.cartv.eu\/sk\/sluzby-a-produkty\/cartv-fleet\/#breadcrumb","itemListElement":[{"@type":"ListItem","position":1,"name":"Startseite","item":"https:\/\/www.cartv.eu\/sk\/startseite\/"},{"@type":"ListItem","position":2,"name":"Slu\u017eby a produkty","item":"https:\/\/www.cartv.eu\/sk\/sluzby-a-produkty\/"},{"@type":"ListItem","position":3,"name":"CARTV fleet"}]},{"@type":"WebSite","@id":"https:\/\/www.cartv.eu\/sk\/#website","url":"https:\/\/www.cartv.eu\/sk\/","name":"CARTV","description":"","potentialAction":[{"@type":"SearchAction","target":{"@type":"EntryPoint","urlTemplate":"https:\/\/www.cartv.eu\/sk\/?s={search_term_string}"},"query-input":{"@type":"PropertyValueSpecification","valueRequired":true,"valueName":"search_term_string"}}],"inLanguage":"sk-SK"}]}},"_links":{"self":[{"href":"https:\/\/www.cartv.eu\/sk\/wp-json\/wp\/v2\/pages\/2327","targetHints":{"allow":["GET"]}}],"collection":[{"href":"https:\/\/www.cartv.eu\/sk\/wp-json\/wp\/v2\/pages"}],"about":[{"href":"https:\/\/www.cartv.eu\/sk\/wp-json\/wp\/v2\/types\/page"}],"author":[{"embeddable":true,"href":"https:\/\/www.cartv.eu\/sk\/wp-json\/wp\/v2\/users\/1"}],"replies":[{"embeddable":true,"href":"https:\/\/www.cartv.eu\/sk\/wp-json\/wp\/v2\/comments?post=2327"}],"version-history":[{"count":6,"href":"https:\/\/www.cartv.eu\/sk\/wp-json\/wp\/v2\/pages\/2327\/revisions"}],"predecessor-version":[{"id":8031,"href":"https:\/\/www.cartv.eu\/sk\/wp-json\/wp\/v2\/pages\/2327\/revisions\/8031"}],"up":[{"embeddable":true,"href":"https:\/\/www.cartv.eu\/sk\/wp-json\/wp\/v2\/pages\/2316"}],"wp:attachment":[{"href":"https:\/\/www.cartv.eu\/sk\/wp-json\/wp\/v2\/media?parent=2327"}],"curies":[{"name":"wp","href":"https:\/\/api.w.org\/{rel}","templated":true}]}}