{"id":2284,"date":"2019-04-18T08:49:27","date_gmt":"2019-04-18T07:49:27","guid":{"rendered":"https:\/\/goalive.cartv.eu\/cartv-sky\/"},"modified":"2022-08-29T16:12:56","modified_gmt":"2022-08-29T15:12:56","slug":"cartv-sky","status":"publish","type":"page","link":"https:\/\/www.cartv.eu\/sk\/sluzby-a-produkty\/cartv-sky\/","title":{"rendered":"CARTV sky"},"content":{"rendered":"","protected":false},"excerpt":{"rendered":"","protected":false},"author":1,"featured_media":0,"parent":2316,"menu_order":0,"comment_status":"closed","ping_status":"closed","template":"","meta":{"inline_featured_image":false,"footnotes":""},"class_list":["post-2284","page","type-page","status-publish","hentry"],"acf":[],"yoast_head":"<!-- This site is optimized with the Yoast SEO plugin v25.4 - https:\/\/yoast.com\/wordpress\/plugins\/seo\/ -->\n<title>CARTV sky - CARTV<\/title>\n<meta name=\"description\" content=\"S CARTV sky m\u00f4\u017eete ako predajca kedyko\u013evek a kdeko\u013evek pristupova\u0165 k \u00fadajom CARTV a nakupova\u0165 alebo pred\u00e1va\u0165 havarovan\u00e9 vozidl\u00e1 jedin\u00fdm kliknut\u00edm my\u0161i.\" \/>\n<meta name=\"robots\" content=\"index, follow, max-snippet:-1, max-image-preview:large, max-video-preview:-1\" \/>\n<link rel=\"canonical\" href=\"https:\/\/www.cartv.eu\/sk\/sluzby-a-produkty\/cartv-sky\/\" \/>\n<meta property=\"og:locale\" content=\"sk_SK\" \/>\n<meta property=\"og:type\" content=\"article\" \/>\n<meta property=\"og:title\" content=\"CARTV sky - CARTV\" \/>\n<meta property=\"og:description\" content=\"S CARTV sky m\u00f4\u017eete ako predajca kedyko\u013evek a kdeko\u013evek pristupova\u0165 k \u00fadajom CARTV a nakupova\u0165 alebo pred\u00e1va\u0165 havarovan\u00e9 vozidl\u00e1 jedin\u00fdm kliknut\u00edm my\u0161i.\" \/>\n<meta property=\"og:url\" content=\"https:\/\/www.cartv.eu\/sk\/sluzby-a-produkty\/cartv-sky\/\" \/>\n<meta property=\"og:site_name\" content=\"CARTV\" \/>\n<meta property=\"article:modified_time\" content=\"2022-08-29T15:12:56+00:00\" \/>\n<meta name=\"twitter:card\" content=\"summary_large_image\" \/>\n<script type=\"application\/ld+json\" class=\"yoast-schema-graph\">{\"@context\":\"https:\/\/schema.org\",\"@graph\":[{\"@type\":\"WebPage\",\"@id\":\"https:\/\/www.cartv.eu\/sk\/sluzby-a-produkty\/cartv-sky\/\",\"url\":\"https:\/\/www.cartv.eu\/sk\/sluzby-a-produkty\/cartv-sky\/\",\"name\":\"CARTV sky - CARTV\",\"isPartOf\":{\"@id\":\"https:\/\/www.cartv.eu\/sk\/#website\"},\"datePublished\":\"2019-04-18T07:49:27+00:00\",\"dateModified\":\"2022-08-29T15:12:56+00:00\",\"description\":\"S CARTV sky m\u00f4\u017eete ako predajca kedyko\u013evek a kdeko\u013evek pristupova\u0165 k \u00fadajom CARTV a nakupova\u0165 alebo pred\u00e1va\u0165 havarovan\u00e9 vozidl\u00e1 jedin\u00fdm kliknut\u00edm my\u0161i.\",\"breadcrumb\":{\"@id\":\"https:\/\/www.cartv.eu\/sk\/sluzby-a-produkty\/cartv-sky\/#breadcrumb\"},\"inLanguage\":\"sk-SK\",\"potentialAction\":[{\"@type\":\"ReadAction\",\"target\":[\"https:\/\/www.cartv.eu\/sk\/sluzby-a-produkty\/cartv-sky\/\"]}]},{\"@type\":\"BreadcrumbList\",\"@id\":\"https:\/\/www.cartv.eu\/sk\/sluzby-a-produkty\/cartv-sky\/#breadcrumb\",\"itemListElement\":[{\"@type\":\"ListItem\",\"position\":1,\"name\":\"Startseite\",\"item\":\"https:\/\/www.cartv.eu\/sk\/\"},{\"@type\":\"ListItem\",\"position\":2,\"name\":\"Slu\u017eby a produkty\",\"item\":\"https:\/\/www.cartv.eu\/sk\/sluzby-a-produkty\/\"},{\"@type\":\"ListItem\",\"position\":3,\"name\":\"CARTV sky\"}]},{\"@type\":\"WebSite\",\"@id\":\"https:\/\/www.cartv.eu\/sk\/#website\",\"url\":\"https:\/\/www.cartv.eu\/sk\/\",\"name\":\"CARTV\",\"description\":\"\",\"potentialAction\":[{\"@type\":\"SearchAction\",\"target\":{\"@type\":\"EntryPoint\",\"urlTemplate\":\"https:\/\/www.cartv.eu\/sk\/?s={search_term_string}\"},\"query-input\":{\"@type\":\"PropertyValueSpecification\",\"valueRequired\":true,\"valueName\":\"search_term_string\"}}],\"inLanguage\":\"sk-SK\"}]}<\/script>\n<!-- \/ Yoast SEO plugin. -->","yoast_head_json":{"title":"CARTV sky - CARTV","description":"S CARTV sky m\u00f4\u017eete ako predajca kedyko\u013evek a kdeko\u013evek pristupova\u0165 k \u00fadajom CARTV a nakupova\u0165 alebo pred\u00e1va\u0165 havarovan\u00e9 vozidl\u00e1 jedin\u00fdm kliknut\u00edm my\u0161i.","robots":{"index":"index","follow":"follow","max-snippet":"max-snippet:-1","max-image-preview":"max-image-preview:large","max-video-preview":"max-video-preview:-1"},"canonical":"https:\/\/www.cartv.eu\/sk\/sluzby-a-produkty\/cartv-sky\/","og_locale":"sk_SK","og_type":"article","og_title":"CARTV sky - CARTV","og_description":"S CARTV sky m\u00f4\u017eete ako predajca kedyko\u013evek a kdeko\u013evek pristupova\u0165 k \u00fadajom CARTV a nakupova\u0165 alebo pred\u00e1va\u0165 havarovan\u00e9 vozidl\u00e1 jedin\u00fdm kliknut\u00edm my\u0161i.","og_url":"https:\/\/www.cartv.eu\/sk\/sluzby-a-produkty\/cartv-sky\/","og_site_name":"CARTV","article_modified_time":"2022-08-29T15:12:56+00:00","twitter_card":"summary_large_image","schema":{"@context":"https:\/\/schema.org","@graph":[{"@type":"WebPage","@id":"https:\/\/www.cartv.eu\/sk\/sluzby-a-produkty\/cartv-sky\/","url":"https:\/\/www.cartv.eu\/sk\/sluzby-a-produkty\/cartv-sky\/","name":"CARTV sky - CARTV","isPartOf":{"@id":"https:\/\/www.cartv.eu\/sk\/#website"},"datePublished":"2019-04-18T07:49:27+00:00","dateModified":"2022-08-29T15:12:56+00:00","description":"S CARTV sky m\u00f4\u017eete ako predajca kedyko\u013evek a kdeko\u013evek pristupova\u0165 k \u00fadajom CARTV a nakupova\u0165 alebo pred\u00e1va\u0165 havarovan\u00e9 vozidl\u00e1 jedin\u00fdm kliknut\u00edm my\u0161i.","breadcrumb":{"@id":"https:\/\/www.cartv.eu\/sk\/sluzby-a-produkty\/cartv-sky\/#breadcrumb"},"inLanguage":"sk-SK","potentialAction":[{"@type":"ReadAction","target":["https:\/\/www.cartv.eu\/sk\/sluzby-a-produkty\/cartv-sky\/"]}]},{"@type":"BreadcrumbList","@id":"https:\/\/www.cartv.eu\/sk\/sluzby-a-produkty\/cartv-sky\/#breadcrumb","itemListElement":[{"@type":"ListItem","position":1,"name":"Startseite","item":"https:\/\/www.cartv.eu\/sk\/"},{"@type":"ListItem","position":2,"name":"Slu\u017eby a produkty","item":"https:\/\/www.cartv.eu\/sk\/sluzby-a-produkty\/"},{"@type":"ListItem","position":3,"name":"CARTV sky"}]},{"@type":"WebSite","@id":"https:\/\/www.cartv.eu\/sk\/#website","url":"https:\/\/www.cartv.eu\/sk\/","name":"CARTV","description":"","potentialAction":[{"@type":"SearchAction","target":{"@type":"EntryPoint","urlTemplate":"https:\/\/www.cartv.eu\/sk\/?s={search_term_string}"},"query-input":{"@type":"PropertyValueSpecification","valueRequired":true,"valueName":"search_term_string"}}],"inLanguage":"sk-SK"}]}},"_links":{"self":[{"href":"https:\/\/www.cartv.eu\/sk\/wp-json\/wp\/v2\/pages\/2284","targetHints":{"allow":["GET"]}}],"collection":[{"href":"https:\/\/www.cartv.eu\/sk\/wp-json\/wp\/v2\/pages"}],"about":[{"href":"https:\/\/www.cartv.eu\/sk\/wp-json\/wp\/v2\/types\/page"}],"author":[{"embeddable":true,"href":"https:\/\/www.cartv.eu\/sk\/wp-json\/wp\/v2\/users\/1"}],"replies":[{"embeddable":true,"href":"https:\/\/www.cartv.eu\/sk\/wp-json\/wp\/v2\/comments?post=2284"}],"version-history":[{"count":5,"href":"https:\/\/www.cartv.eu\/sk\/wp-json\/wp\/v2\/pages\/2284\/revisions"}],"predecessor-version":[{"id":8007,"href":"https:\/\/www.cartv.eu\/sk\/wp-json\/wp\/v2\/pages\/2284\/revisions\/8007"}],"up":[{"embeddable":true,"href":"https:\/\/www.cartv.eu\/sk\/wp-json\/wp\/v2\/pages\/2316"}],"wp:attachment":[{"href":"https:\/\/www.cartv.eu\/sk\/wp-json\/wp\/v2\/media?parent=2284"}],"curies":[{"name":"wp","href":"https:\/\/api.w.org\/{rel}","templated":true}]}}