{"id":2251,"date":"2019-03-29T13:28:56","date_gmt":"2019-03-29T12:28:56","guid":{"rendered":"https:\/\/goalive.cartv.eu\/kfz-haendler\/"},"modified":"2022-08-29T14:45:19","modified_gmt":"2022-08-29T13:45:19","slug":"obchodnici-s-motorovymi-vozidlami","status":"publish","type":"page","link":"https:\/\/www.cartv.eu\/sk\/obchodnici-s-motorovymi-vozidlami\/","title":{"rendered":"Obchodn\u00edci s motorov\u00fdmi vozidlami"},"content":{"rendered":"","protected":false},"excerpt":{"rendered":"","protected":false},"author":1,"featured_media":0,"parent":0,"menu_order":0,"comment_status":"closed","ping_status":"closed","template":"","meta":{"inline_featured_image":false,"footnotes":""},"class_list":["post-2251","page","type-page","status-publish","hentry"],"acf":[],"yoast_head":"<!-- This site is optimized with the Yoast SEO plugin v25.4 - https:\/\/yoast.com\/wordpress\/plugins\/seo\/ -->\n<title>Obchodn\u00edci s motorov\u00fdmi vozidlami - CARTV<\/title>\n<meta name=\"description\" content=\"V CARTV m\u00f4\u017eu obchodn\u00edci s autami pon\u00faka\u0165 denne na viacej ako 4 500 novo zaraden\u00fdm vozidiel. Zisti\u0165 viacej.\" \/>\n<meta name=\"robots\" content=\"index, follow, max-snippet:-1, max-image-preview:large, max-video-preview:-1\" \/>\n<link rel=\"canonical\" href=\"https:\/\/www.cartv.eu\/sk\/obchodnici-s-motorovymi-vozidlami\/\" \/>\n<meta property=\"og:locale\" content=\"sk_SK\" \/>\n<meta property=\"og:type\" content=\"article\" \/>\n<meta property=\"og:title\" content=\"Obchodn\u00edci s motorov\u00fdmi vozidlami - CARTV\" \/>\n<meta property=\"og:description\" content=\"V CARTV m\u00f4\u017eu obchodn\u00edci s autami pon\u00faka\u0165 denne na viacej ako 4 500 novo zaraden\u00fdm vozidiel. Zisti\u0165 viacej.\" \/>\n<meta property=\"og:url\" content=\"https:\/\/www.cartv.eu\/sk\/obchodnici-s-motorovymi-vozidlami\/\" \/>\n<meta property=\"og:site_name\" content=\"CARTV\" \/>\n<meta property=\"article:modified_time\" content=\"2022-08-29T13:45:19+00:00\" \/>\n<meta name=\"twitter:card\" content=\"summary_large_image\" \/>\n<script type=\"application\/ld+json\" class=\"yoast-schema-graph\">{\"@context\":\"https:\/\/schema.org\",\"@graph\":[{\"@type\":\"WebPage\",\"@id\":\"https:\/\/www.cartv.eu\/sk\/obchodnici-s-motorovymi-vozidlami\/\",\"url\":\"https:\/\/www.cartv.eu\/sk\/obchodnici-s-motorovymi-vozidlami\/\",\"name\":\"Obchodn\u00edci s motorov\u00fdmi vozidlami - CARTV\",\"isPartOf\":{\"@id\":\"https:\/\/www.cartv.eu\/sk\/#website\"},\"datePublished\":\"2019-03-29T12:28:56+00:00\",\"dateModified\":\"2022-08-29T13:45:19+00:00\",\"description\":\"V CARTV m\u00f4\u017eu obchodn\u00edci s autami pon\u00faka\u0165 denne na viacej ako 4 500 novo zaraden\u00fdm vozidiel. Zisti\u0165 viacej.\",\"breadcrumb\":{\"@id\":\"https:\/\/www.cartv.eu\/sk\/obchodnici-s-motorovymi-vozidlami\/#breadcrumb\"},\"inLanguage\":\"sk-SK\",\"potentialAction\":[{\"@type\":\"ReadAction\",\"target\":[\"https:\/\/www.cartv.eu\/sk\/obchodnici-s-motorovymi-vozidlami\/\"]}]},{\"@type\":\"BreadcrumbList\",\"@id\":\"https:\/\/www.cartv.eu\/sk\/obchodnici-s-motorovymi-vozidlami\/#breadcrumb\",\"itemListElement\":[{\"@type\":\"ListItem\",\"position\":1,\"name\":\"Startseite\",\"item\":\"https:\/\/www.cartv.eu\/sk\/\"},{\"@type\":\"ListItem\",\"position\":2,\"name\":\"Obchodn\u00edci s motorov\u00fdmi vozidlami\"}]},{\"@type\":\"WebSite\",\"@id\":\"https:\/\/www.cartv.eu\/sk\/#website\",\"url\":\"https:\/\/www.cartv.eu\/sk\/\",\"name\":\"CARTV\",\"description\":\"\",\"potentialAction\":[{\"@type\":\"SearchAction\",\"target\":{\"@type\":\"EntryPoint\",\"urlTemplate\":\"https:\/\/www.cartv.eu\/sk\/?s={search_term_string}\"},\"query-input\":{\"@type\":\"PropertyValueSpecification\",\"valueRequired\":true,\"valueName\":\"search_term_string\"}}],\"inLanguage\":\"sk-SK\"}]}<\/script>\n<!-- \/ Yoast SEO plugin. -->","yoast_head_json":{"title":"Obchodn\u00edci s motorov\u00fdmi vozidlami - CARTV","description":"V CARTV m\u00f4\u017eu obchodn\u00edci s autami pon\u00faka\u0165 denne na viacej ako 4 500 novo zaraden\u00fdm vozidiel. Zisti\u0165 viacej.","robots":{"index":"index","follow":"follow","max-snippet":"max-snippet:-1","max-image-preview":"max-image-preview:large","max-video-preview":"max-video-preview:-1"},"canonical":"https:\/\/www.cartv.eu\/sk\/obchodnici-s-motorovymi-vozidlami\/","og_locale":"sk_SK","og_type":"article","og_title":"Obchodn\u00edci s motorov\u00fdmi vozidlami - CARTV","og_description":"V CARTV m\u00f4\u017eu obchodn\u00edci s autami pon\u00faka\u0165 denne na viacej ako 4 500 novo zaraden\u00fdm vozidiel. Zisti\u0165 viacej.","og_url":"https:\/\/www.cartv.eu\/sk\/obchodnici-s-motorovymi-vozidlami\/","og_site_name":"CARTV","article_modified_time":"2022-08-29T13:45:19+00:00","twitter_card":"summary_large_image","schema":{"@context":"https:\/\/schema.org","@graph":[{"@type":"WebPage","@id":"https:\/\/www.cartv.eu\/sk\/obchodnici-s-motorovymi-vozidlami\/","url":"https:\/\/www.cartv.eu\/sk\/obchodnici-s-motorovymi-vozidlami\/","name":"Obchodn\u00edci s motorov\u00fdmi vozidlami - CARTV","isPartOf":{"@id":"https:\/\/www.cartv.eu\/sk\/#website"},"datePublished":"2019-03-29T12:28:56+00:00","dateModified":"2022-08-29T13:45:19+00:00","description":"V CARTV m\u00f4\u017eu obchodn\u00edci s autami pon\u00faka\u0165 denne na viacej ako 4 500 novo zaraden\u00fdm vozidiel. Zisti\u0165 viacej.","breadcrumb":{"@id":"https:\/\/www.cartv.eu\/sk\/obchodnici-s-motorovymi-vozidlami\/#breadcrumb"},"inLanguage":"sk-SK","potentialAction":[{"@type":"ReadAction","target":["https:\/\/www.cartv.eu\/sk\/obchodnici-s-motorovymi-vozidlami\/"]}]},{"@type":"BreadcrumbList","@id":"https:\/\/www.cartv.eu\/sk\/obchodnici-s-motorovymi-vozidlami\/#breadcrumb","itemListElement":[{"@type":"ListItem","position":1,"name":"Startseite","item":"https:\/\/www.cartv.eu\/sk\/"},{"@type":"ListItem","position":2,"name":"Obchodn\u00edci s motorov\u00fdmi vozidlami"}]},{"@type":"WebSite","@id":"https:\/\/www.cartv.eu\/sk\/#website","url":"https:\/\/www.cartv.eu\/sk\/","name":"CARTV","description":"","potentialAction":[{"@type":"SearchAction","target":{"@type":"EntryPoint","urlTemplate":"https:\/\/www.cartv.eu\/sk\/?s={search_term_string}"},"query-input":{"@type":"PropertyValueSpecification","valueRequired":true,"valueName":"search_term_string"}}],"inLanguage":"sk-SK"}]}},"_links":{"self":[{"href":"https:\/\/www.cartv.eu\/sk\/wp-json\/wp\/v2\/pages\/2251","targetHints":{"allow":["GET"]}}],"collection":[{"href":"https:\/\/www.cartv.eu\/sk\/wp-json\/wp\/v2\/pages"}],"about":[{"href":"https:\/\/www.cartv.eu\/sk\/wp-json\/wp\/v2\/types\/page"}],"author":[{"embeddable":true,"href":"https:\/\/www.cartv.eu\/sk\/wp-json\/wp\/v2\/users\/1"}],"replies":[{"embeddable":true,"href":"https:\/\/www.cartv.eu\/sk\/wp-json\/wp\/v2\/comments?post=2251"}],"version-history":[{"count":10,"href":"https:\/\/www.cartv.eu\/sk\/wp-json\/wp\/v2\/pages\/2251\/revisions"}],"predecessor-version":[{"id":7952,"href":"https:\/\/www.cartv.eu\/sk\/wp-json\/wp\/v2\/pages\/2251\/revisions\/7952"}],"wp:attachment":[{"href":"https:\/\/www.cartv.eu\/sk\/wp-json\/wp\/v2\/media?parent=2251"}],"curies":[{"name":"wp","href":"https:\/\/api.w.org\/{rel}","templated":true}]}}