{"id":1832,"date":"2019-03-18T10:39:40","date_gmt":"2019-03-18T09:39:40","guid":{"rendered":"https:\/\/mh-test.cartv.de\/cartv2019\/?page_id=1832"},"modified":"2026-04-13T15:01:03","modified_gmt":"2026-04-13T14:01:03","slug":"startseite","status":"publish","type":"page","link":"https:\/\/www.cartv.eu\/sk\/","title":{"rendered":"\u00davodn\u00e1 strana"},"content":{"rendered":"","protected":false},"excerpt":{"rendered":"","protected":false},"author":1,"featured_media":0,"parent":0,"menu_order":0,"comment_status":"closed","ping_status":"closed","template":"page-start.php","meta":{"inline_featured_image":false,"footnotes":""},"class_list":["post-1832","page","type-page","status-publish","hentry"],"acf":[],"yoast_head":"<!-- This site is optimized with the Yoast SEO plugin v25.4 - https:\/\/yoast.com\/wordpress\/plugins\/seo\/ -->\n<title>CARTV - die Mehrwertb\u00f6rse unter den Restwertb\u00f6rsen<\/title>\n<meta name=\"description\" content=\"CARTV, jedna z popredn\u00fdch b\u00farz zostatkovej hodnoty v Eur\u00f3pe, ur\u010duje re\u00e1lnu hodnotu V\u00e1\u0161ho po\u0161koden\u00e9ho alebo jazden\u00e9ho vozidkl.\" \/>\n<meta name=\"robots\" content=\"index, follow, max-snippet:-1, max-image-preview:large, max-video-preview:-1\" \/>\n<link rel=\"canonical\" href=\"https:\/\/www.cartv.eu\/sk\/\" \/>\n<meta property=\"og:locale\" content=\"sk_SK\" \/>\n<meta property=\"og:type\" content=\"article\" \/>\n<meta property=\"og:title\" content=\"CARTV - die Mehrwertb\u00f6rse unter den Restwertb\u00f6rsen\" \/>\n<meta property=\"og:description\" content=\"CARTV, jedna z popredn\u00fdch b\u00farz zostatkovej hodnoty v Eur\u00f3pe, ur\u010duje re\u00e1lnu hodnotu V\u00e1\u0161ho po\u0161koden\u00e9ho alebo jazden\u00e9ho vozidkl.\" \/>\n<meta property=\"og:url\" content=\"https:\/\/www.cartv.eu\/sk\/\" \/>\n<meta property=\"og:site_name\" content=\"CARTV\" \/>\n<meta property=\"article:modified_time\" content=\"2026-04-13T14:01:03+00:00\" \/>\n<meta name=\"twitter:card\" content=\"summary_large_image\" \/>\n<meta name=\"twitter:label1\" content=\"Predpokladan\u00fd \u010das \u010d\u00edtania\" \/>\n\t<meta name=\"twitter:data1\" content=\"5 min\u00fat\" \/>\n<script type=\"application\/ld+json\" class=\"yoast-schema-graph\">{\"@context\":\"https:\/\/schema.org\",\"@graph\":[{\"@type\":\"WebPage\",\"@id\":\"https:\/\/www.cartv.eu\/sk\/\",\"url\":\"https:\/\/www.cartv.eu\/sk\/\",\"name\":\"CARTV - die Mehrwertb\u00f6rse unter den Restwertb\u00f6rsen\",\"isPartOf\":{\"@id\":\"https:\/\/www.cartv.eu\/sk\/#website\"},\"datePublished\":\"2019-03-18T09:39:40+00:00\",\"dateModified\":\"2026-04-13T14:01:03+00:00\",\"description\":\"CARTV, jedna z popredn\u00fdch b\u00farz zostatkovej hodnoty v Eur\u00f3pe, ur\u010duje re\u00e1lnu hodnotu V\u00e1\u0161ho po\u0161koden\u00e9ho alebo jazden\u00e9ho vozidkl.\",\"breadcrumb\":{\"@id\":\"https:\/\/www.cartv.eu\/sk\/#breadcrumb\"},\"inLanguage\":\"sk-SK\",\"potentialAction\":[{\"@type\":\"ReadAction\",\"target\":[\"https:\/\/www.cartv.eu\/sk\/\"]}]},{\"@type\":\"BreadcrumbList\",\"@id\":\"https:\/\/www.cartv.eu\/sk\/#breadcrumb\",\"itemListElement\":[{\"@type\":\"ListItem\",\"position\":1,\"name\":\"Startseite\",\"item\":\"https:\/\/www.cartv.eu\/sk\/\"},{\"@type\":\"ListItem\",\"position\":2,\"name\":\"\u00davodn\u00e1 strana\"}]},{\"@type\":\"WebSite\",\"@id\":\"https:\/\/www.cartv.eu\/sk\/#website\",\"url\":\"https:\/\/www.cartv.eu\/sk\/\",\"name\":\"CARTV\",\"description\":\"\",\"potentialAction\":[{\"@type\":\"SearchAction\",\"target\":{\"@type\":\"EntryPoint\",\"urlTemplate\":\"https:\/\/www.cartv.eu\/sk\/?s={search_term_string}\"},\"query-input\":{\"@type\":\"PropertyValueSpecification\",\"valueRequired\":true,\"valueName\":\"search_term_string\"}}],\"inLanguage\":\"sk-SK\"}]}<\/script>\n<!-- \/ Yoast SEO plugin. -->","yoast_head_json":{"title":"CARTV - die Mehrwertb\u00f6rse unter den Restwertb\u00f6rsen","description":"CARTV, jedna z popredn\u00fdch b\u00farz zostatkovej hodnoty v Eur\u00f3pe, ur\u010duje re\u00e1lnu hodnotu V\u00e1\u0161ho po\u0161koden\u00e9ho alebo jazden\u00e9ho vozidkl.","robots":{"index":"index","follow":"follow","max-snippet":"max-snippet:-1","max-image-preview":"max-image-preview:large","max-video-preview":"max-video-preview:-1"},"canonical":"https:\/\/www.cartv.eu\/sk\/","og_locale":"sk_SK","og_type":"article","og_title":"CARTV - die Mehrwertb\u00f6rse unter den Restwertb\u00f6rsen","og_description":"CARTV, jedna z popredn\u00fdch b\u00farz zostatkovej hodnoty v Eur\u00f3pe, ur\u010duje re\u00e1lnu hodnotu V\u00e1\u0161ho po\u0161koden\u00e9ho alebo jazden\u00e9ho vozidkl.","og_url":"https:\/\/www.cartv.eu\/sk\/","og_site_name":"CARTV","article_modified_time":"2026-04-13T14:01:03+00:00","twitter_card":"summary_large_image","twitter_misc":{"Predpokladan\u00fd \u010das \u010d\u00edtania":"5 min\u00fat"},"schema":{"@context":"https:\/\/schema.org","@graph":[{"@type":"WebPage","@id":"https:\/\/www.cartv.eu\/sk\/","url":"https:\/\/www.cartv.eu\/sk\/","name":"CARTV - die Mehrwertb\u00f6rse unter den Restwertb\u00f6rsen","isPartOf":{"@id":"https:\/\/www.cartv.eu\/sk\/#website"},"datePublished":"2019-03-18T09:39:40+00:00","dateModified":"2026-04-13T14:01:03+00:00","description":"CARTV, jedna z popredn\u00fdch b\u00farz zostatkovej hodnoty v Eur\u00f3pe, ur\u010duje re\u00e1lnu hodnotu V\u00e1\u0161ho po\u0161koden\u00e9ho alebo jazden\u00e9ho vozidkl.","breadcrumb":{"@id":"https:\/\/www.cartv.eu\/sk\/#breadcrumb"},"inLanguage":"sk-SK","potentialAction":[{"@type":"ReadAction","target":["https:\/\/www.cartv.eu\/sk\/"]}]},{"@type":"BreadcrumbList","@id":"https:\/\/www.cartv.eu\/sk\/#breadcrumb","itemListElement":[{"@type":"ListItem","position":1,"name":"Startseite","item":"https:\/\/www.cartv.eu\/sk\/"},{"@type":"ListItem","position":2,"name":"\u00davodn\u00e1 strana"}]},{"@type":"WebSite","@id":"https:\/\/www.cartv.eu\/sk\/#website","url":"https:\/\/www.cartv.eu\/sk\/","name":"CARTV","description":"","potentialAction":[{"@type":"SearchAction","target":{"@type":"EntryPoint","urlTemplate":"https:\/\/www.cartv.eu\/sk\/?s={search_term_string}"},"query-input":{"@type":"PropertyValueSpecification","valueRequired":true,"valueName":"search_term_string"}}],"inLanguage":"sk-SK"}]}},"_links":{"self":[{"href":"https:\/\/www.cartv.eu\/sk\/wp-json\/wp\/v2\/pages\/1832","targetHints":{"allow":["GET"]}}],"collection":[{"href":"https:\/\/www.cartv.eu\/sk\/wp-json\/wp\/v2\/pages"}],"about":[{"href":"https:\/\/www.cartv.eu\/sk\/wp-json\/wp\/v2\/types\/page"}],"author":[{"embeddable":true,"href":"https:\/\/www.cartv.eu\/sk\/wp-json\/wp\/v2\/users\/1"}],"replies":[{"embeddable":true,"href":"https:\/\/www.cartv.eu\/sk\/wp-json\/wp\/v2\/comments?post=1832"}],"version-history":[{"count":28,"href":"https:\/\/www.cartv.eu\/sk\/wp-json\/wp\/v2\/pages\/1832\/revisions"}],"predecessor-version":[{"id":10162,"href":"https:\/\/www.cartv.eu\/sk\/wp-json\/wp\/v2\/pages\/1832\/revisions\/10162"}],"wp:attachment":[{"href":"https:\/\/www.cartv.eu\/sk\/wp-json\/wp\/v2\/media?parent=1832"}],"curies":[{"name":"wp","href":"https:\/\/api.w.org\/{rel}","templated":true}]}}