{"id":2128,"date":"2019-04-18T08:53:27","date_gmt":"2019-04-18T07:53:27","guid":{"rendered":"https:\/\/goalive.cartv.eu\/cartv-market\/"},"modified":"2022-08-29T16:38:46","modified_gmt":"2022-08-29T15:38:46","slug":"cartv-market","status":"publish","type":"page","link":"https:\/\/www.cartv.eu\/pl\/serwis-i-produkty\/cartv-market\/","title":{"rendered":"CARTV market"},"content":{"rendered":"","protected":false},"excerpt":{"rendered":"","protected":false},"author":1,"featured_media":0,"parent":2789,"menu_order":0,"comment_status":"closed","ping_status":"closed","template":"","meta":{"inline_featured_image":false,"footnotes":""},"class_list":["post-2128","page","type-page","status-publish","hentry"],"acf":[],"yoast_head":"<!-- This site is optimized with the Yoast SEO plugin v25.4 - https:\/\/yoast.com\/wordpress\/plugins\/seo\/ -->\n<title>CARTV market - CARTV<\/title>\n<meta name=\"description\" content=\"CARTV pomo\u017ce w legalnej sprzeda\u017cy pojazdu odzyskanego po kradzie\u017cy poprzez CARTV market. Uczestnictwo w CARTV market jest mo\u017cliwe dla rzeczoznawc\u00f3w i ubezpieczalni bez konieczno\u015bci posiadania licencji.\" \/>\n<meta name=\"robots\" content=\"index, follow, max-snippet:-1, max-image-preview:large, max-video-preview:-1\" \/>\n<link rel=\"canonical\" href=\"https:\/\/www.cartv.eu\/pl\/serwis-i-produkty\/cartv-market\/\" \/>\n<meta property=\"og:locale\" content=\"pl_PL\" \/>\n<meta property=\"og:type\" content=\"article\" \/>\n<meta property=\"og:title\" content=\"CARTV market - CARTV\" \/>\n<meta property=\"og:description\" content=\"CARTV pomo\u017ce w legalnej sprzeda\u017cy pojazdu odzyskanego po kradzie\u017cy poprzez CARTV market. Uczestnictwo w CARTV market jest mo\u017cliwe dla rzeczoznawc\u00f3w i ubezpieczalni bez konieczno\u015bci posiadania licencji.\" \/>\n<meta property=\"og:url\" content=\"https:\/\/www.cartv.eu\/pl\/serwis-i-produkty\/cartv-market\/\" \/>\n<meta property=\"og:site_name\" content=\"CARTV\" \/>\n<meta property=\"article:modified_time\" content=\"2022-08-29T15:38:46+00:00\" \/>\n<meta name=\"twitter:card\" content=\"summary_large_image\" \/>\n<script type=\"application\/ld+json\" class=\"yoast-schema-graph\">{\"@context\":\"https:\/\/schema.org\",\"@graph\":[{\"@type\":\"WebPage\",\"@id\":\"https:\/\/www.cartv.eu\/pl\/serwis-i-produkty\/cartv-market\/\",\"url\":\"https:\/\/www.cartv.eu\/pl\/serwis-i-produkty\/cartv-market\/\",\"name\":\"CARTV market - CARTV\",\"isPartOf\":{\"@id\":\"https:\/\/www.cartv.eu\/pl\/#website\"},\"datePublished\":\"2019-04-18T07:53:27+00:00\",\"dateModified\":\"2022-08-29T15:38:46+00:00\",\"description\":\"CARTV pomo\u017ce w legalnej sprzeda\u017cy pojazdu odzyskanego po kradzie\u017cy poprzez CARTV market. Uczestnictwo w CARTV market jest mo\u017cliwe dla rzeczoznawc\u00f3w i ubezpieczalni bez konieczno\u015bci posiadania licencji.\",\"breadcrumb\":{\"@id\":\"https:\/\/www.cartv.eu\/pl\/serwis-i-produkty\/cartv-market\/#breadcrumb\"},\"inLanguage\":\"pl-PL\",\"potentialAction\":[{\"@type\":\"ReadAction\",\"target\":[\"https:\/\/www.cartv.eu\/pl\/serwis-i-produkty\/cartv-market\/\"]}]},{\"@type\":\"BreadcrumbList\",\"@id\":\"https:\/\/www.cartv.eu\/pl\/serwis-i-produkty\/cartv-market\/#breadcrumb\",\"itemListElement\":[{\"@type\":\"ListItem\",\"position\":1,\"name\":\"Startseite\",\"item\":\"https:\/\/www.cartv.eu\/pl\/\"},{\"@type\":\"ListItem\",\"position\":2,\"name\":\"Serwis i produkty\",\"item\":\"https:\/\/www.cartv.eu\/pl\/serwis-i-produkty\/\"},{\"@type\":\"ListItem\",\"position\":3,\"name\":\"CARTV market\"}]},{\"@type\":\"WebSite\",\"@id\":\"https:\/\/www.cartv.eu\/pl\/#website\",\"url\":\"https:\/\/www.cartv.eu\/pl\/\",\"name\":\"CARTV\",\"description\":\"\",\"potentialAction\":[{\"@type\":\"SearchAction\",\"target\":{\"@type\":\"EntryPoint\",\"urlTemplate\":\"https:\/\/www.cartv.eu\/pl\/?s={search_term_string}\"},\"query-input\":{\"@type\":\"PropertyValueSpecification\",\"valueRequired\":true,\"valueName\":\"search_term_string\"}}],\"inLanguage\":\"pl-PL\"}]}<\/script>\n<!-- \/ Yoast SEO plugin. -->","yoast_head_json":{"title":"CARTV market - CARTV","description":"CARTV pomo\u017ce w legalnej sprzeda\u017cy pojazdu odzyskanego po kradzie\u017cy poprzez CARTV market. Uczestnictwo w CARTV market jest mo\u017cliwe dla rzeczoznawc\u00f3w i ubezpieczalni bez konieczno\u015bci posiadania licencji.","robots":{"index":"index","follow":"follow","max-snippet":"max-snippet:-1","max-image-preview":"max-image-preview:large","max-video-preview":"max-video-preview:-1"},"canonical":"https:\/\/www.cartv.eu\/pl\/serwis-i-produkty\/cartv-market\/","og_locale":"pl_PL","og_type":"article","og_title":"CARTV market - CARTV","og_description":"CARTV pomo\u017ce w legalnej sprzeda\u017cy pojazdu odzyskanego po kradzie\u017cy poprzez CARTV market. Uczestnictwo w CARTV market jest mo\u017cliwe dla rzeczoznawc\u00f3w i ubezpieczalni bez konieczno\u015bci posiadania licencji.","og_url":"https:\/\/www.cartv.eu\/pl\/serwis-i-produkty\/cartv-market\/","og_site_name":"CARTV","article_modified_time":"2022-08-29T15:38:46+00:00","twitter_card":"summary_large_image","schema":{"@context":"https:\/\/schema.org","@graph":[{"@type":"WebPage","@id":"https:\/\/www.cartv.eu\/pl\/serwis-i-produkty\/cartv-market\/","url":"https:\/\/www.cartv.eu\/pl\/serwis-i-produkty\/cartv-market\/","name":"CARTV market - CARTV","isPartOf":{"@id":"https:\/\/www.cartv.eu\/pl\/#website"},"datePublished":"2019-04-18T07:53:27+00:00","dateModified":"2022-08-29T15:38:46+00:00","description":"CARTV pomo\u017ce w legalnej sprzeda\u017cy pojazdu odzyskanego po kradzie\u017cy poprzez CARTV market. Uczestnictwo w CARTV market jest mo\u017cliwe dla rzeczoznawc\u00f3w i ubezpieczalni bez konieczno\u015bci posiadania licencji.","breadcrumb":{"@id":"https:\/\/www.cartv.eu\/pl\/serwis-i-produkty\/cartv-market\/#breadcrumb"},"inLanguage":"pl-PL","potentialAction":[{"@type":"ReadAction","target":["https:\/\/www.cartv.eu\/pl\/serwis-i-produkty\/cartv-market\/"]}]},{"@type":"BreadcrumbList","@id":"https:\/\/www.cartv.eu\/pl\/serwis-i-produkty\/cartv-market\/#breadcrumb","itemListElement":[{"@type":"ListItem","position":1,"name":"Startseite","item":"https:\/\/www.cartv.eu\/pl\/"},{"@type":"ListItem","position":2,"name":"Serwis i produkty","item":"https:\/\/www.cartv.eu\/pl\/serwis-i-produkty\/"},{"@type":"ListItem","position":3,"name":"CARTV market"}]},{"@type":"WebSite","@id":"https:\/\/www.cartv.eu\/pl\/#website","url":"https:\/\/www.cartv.eu\/pl\/","name":"CARTV","description":"","potentialAction":[{"@type":"SearchAction","target":{"@type":"EntryPoint","urlTemplate":"https:\/\/www.cartv.eu\/pl\/?s={search_term_string}"},"query-input":{"@type":"PropertyValueSpecification","valueRequired":true,"valueName":"search_term_string"}}],"inLanguage":"pl-PL"}]}},"_links":{"self":[{"href":"https:\/\/www.cartv.eu\/pl\/wp-json\/wp\/v2\/pages\/2128","targetHints":{"allow":["GET"]}}],"collection":[{"href":"https:\/\/www.cartv.eu\/pl\/wp-json\/wp\/v2\/pages"}],"about":[{"href":"https:\/\/www.cartv.eu\/pl\/wp-json\/wp\/v2\/types\/page"}],"author":[{"embeddable":true,"href":"https:\/\/www.cartv.eu\/pl\/wp-json\/wp\/v2\/users\/1"}],"replies":[{"embeddable":true,"href":"https:\/\/www.cartv.eu\/pl\/wp-json\/wp\/v2\/comments?post=2128"}],"version-history":[{"count":4,"href":"https:\/\/www.cartv.eu\/pl\/wp-json\/wp\/v2\/pages\/2128\/revisions"}],"predecessor-version":[{"id":8045,"href":"https:\/\/www.cartv.eu\/pl\/wp-json\/wp\/v2\/pages\/2128\/revisions\/8045"}],"up":[{"embeddable":true,"href":"https:\/\/www.cartv.eu\/pl\/wp-json\/wp\/v2\/pages\/2789"}],"wp:attachment":[{"href":"https:\/\/www.cartv.eu\/pl\/wp-json\/wp\/v2\/media?parent=2128"}],"curies":[{"name":"wp","href":"https:\/\/api.w.org\/{rel}","templated":true}]}}