{"id":2123,"date":"2019-04-18T08:53:08","date_gmt":"2019-04-18T07:53:08","guid":{"rendered":"https:\/\/goalive.cartv.eu\/cartv-fleet\/"},"modified":"2022-08-29T16:35:55","modified_gmt":"2022-08-29T15:35:55","slug":"cartv-fleet","status":"publish","type":"page","link":"https:\/\/www.cartv.eu\/pl\/serwis-i-produkty\/cartv-fleet\/","title":{"rendered":"CARTV fleet"},"content":{"rendered":"","protected":false},"excerpt":{"rendered":"","protected":false},"author":1,"featured_media":0,"parent":2789,"menu_order":0,"comment_status":"closed","ping_status":"closed","template":"","meta":{"inline_featured_image":false,"footnotes":""},"class_list":["post-2123","page","type-page","status-publish","hentry"],"acf":[],"yoast_head":"<!-- This site is optimized with the Yoast SEO plugin v25.4 - https:\/\/yoast.com\/wordpress\/plugins\/seo\/ -->\n<title>CARTV fleet - CARTV<\/title>\n<meta name=\"description\" content=\"W CARTV fleet firmy i instytucje leasingowe mog\u0105 wycenia\u0107 lub sprzedawa\u0107 swoje pojazdy. Lukratywny biznes, poniewa\u017c CARTV zadba o to aby te pojazdy zosta\u0142y dobrze i pewnie sprzedane.\" \/>\n<meta name=\"robots\" content=\"index, follow, max-snippet:-1, max-image-preview:large, max-video-preview:-1\" \/>\n<link rel=\"canonical\" href=\"https:\/\/www.cartv.eu\/pl\/serwis-i-produkty\/cartv-fleet\/\" \/>\n<meta property=\"og:locale\" content=\"pl_PL\" \/>\n<meta property=\"og:type\" content=\"article\" \/>\n<meta property=\"og:title\" content=\"CARTV fleet - CARTV\" \/>\n<meta property=\"og:description\" content=\"W CARTV fleet firmy i instytucje leasingowe mog\u0105 wycenia\u0107 lub sprzedawa\u0107 swoje pojazdy. Lukratywny biznes, poniewa\u017c CARTV zadba o to aby te pojazdy zosta\u0142y dobrze i pewnie sprzedane.\" \/>\n<meta property=\"og:url\" content=\"https:\/\/www.cartv.eu\/pl\/serwis-i-produkty\/cartv-fleet\/\" \/>\n<meta property=\"og:site_name\" content=\"CARTV\" \/>\n<meta property=\"article:modified_time\" content=\"2022-08-29T15:35:55+00:00\" \/>\n<meta name=\"twitter:card\" content=\"summary_large_image\" \/>\n<script type=\"application\/ld+json\" class=\"yoast-schema-graph\">{\"@context\":\"https:\/\/schema.org\",\"@graph\":[{\"@type\":\"WebPage\",\"@id\":\"https:\/\/www.cartv.eu\/pl\/serwis-i-produkty\/cartv-fleet\/\",\"url\":\"https:\/\/www.cartv.eu\/pl\/serwis-i-produkty\/cartv-fleet\/\",\"name\":\"CARTV fleet - CARTV\",\"isPartOf\":{\"@id\":\"https:\/\/www.cartv.eu\/pl\/#website\"},\"datePublished\":\"2019-04-18T07:53:08+00:00\",\"dateModified\":\"2022-08-29T15:35:55+00:00\",\"description\":\"W CARTV fleet firmy i instytucje leasingowe mog\u0105 wycenia\u0107 lub sprzedawa\u0107 swoje pojazdy. Lukratywny biznes, poniewa\u017c CARTV zadba o to aby te pojazdy zosta\u0142y dobrze i pewnie sprzedane.\",\"breadcrumb\":{\"@id\":\"https:\/\/www.cartv.eu\/pl\/serwis-i-produkty\/cartv-fleet\/#breadcrumb\"},\"inLanguage\":\"pl-PL\",\"potentialAction\":[{\"@type\":\"ReadAction\",\"target\":[\"https:\/\/www.cartv.eu\/pl\/serwis-i-produkty\/cartv-fleet\/\"]}]},{\"@type\":\"BreadcrumbList\",\"@id\":\"https:\/\/www.cartv.eu\/pl\/serwis-i-produkty\/cartv-fleet\/#breadcrumb\",\"itemListElement\":[{\"@type\":\"ListItem\",\"position\":1,\"name\":\"Startseite\",\"item\":\"https:\/\/www.cartv.eu\/pl\/\"},{\"@type\":\"ListItem\",\"position\":2,\"name\":\"Serwis i produkty\",\"item\":\"https:\/\/www.cartv.eu\/pl\/serwis-i-produkty\/\"},{\"@type\":\"ListItem\",\"position\":3,\"name\":\"CARTV fleet\"}]},{\"@type\":\"WebSite\",\"@id\":\"https:\/\/www.cartv.eu\/pl\/#website\",\"url\":\"https:\/\/www.cartv.eu\/pl\/\",\"name\":\"CARTV\",\"description\":\"\",\"potentialAction\":[{\"@type\":\"SearchAction\",\"target\":{\"@type\":\"EntryPoint\",\"urlTemplate\":\"https:\/\/www.cartv.eu\/pl\/?s={search_term_string}\"},\"query-input\":{\"@type\":\"PropertyValueSpecification\",\"valueRequired\":true,\"valueName\":\"search_term_string\"}}],\"inLanguage\":\"pl-PL\"}]}<\/script>\n<!-- \/ Yoast SEO plugin. -->","yoast_head_json":{"title":"CARTV fleet - CARTV","description":"W CARTV fleet firmy i instytucje leasingowe mog\u0105 wycenia\u0107 lub sprzedawa\u0107 swoje pojazdy. Lukratywny biznes, poniewa\u017c CARTV zadba o to aby te pojazdy zosta\u0142y dobrze i pewnie sprzedane.","robots":{"index":"index","follow":"follow","max-snippet":"max-snippet:-1","max-image-preview":"max-image-preview:large","max-video-preview":"max-video-preview:-1"},"canonical":"https:\/\/www.cartv.eu\/pl\/serwis-i-produkty\/cartv-fleet\/","og_locale":"pl_PL","og_type":"article","og_title":"CARTV fleet - CARTV","og_description":"W CARTV fleet firmy i instytucje leasingowe mog\u0105 wycenia\u0107 lub sprzedawa\u0107 swoje pojazdy. Lukratywny biznes, poniewa\u017c CARTV zadba o to aby te pojazdy zosta\u0142y dobrze i pewnie sprzedane.","og_url":"https:\/\/www.cartv.eu\/pl\/serwis-i-produkty\/cartv-fleet\/","og_site_name":"CARTV","article_modified_time":"2022-08-29T15:35:55+00:00","twitter_card":"summary_large_image","schema":{"@context":"https:\/\/schema.org","@graph":[{"@type":"WebPage","@id":"https:\/\/www.cartv.eu\/pl\/serwis-i-produkty\/cartv-fleet\/","url":"https:\/\/www.cartv.eu\/pl\/serwis-i-produkty\/cartv-fleet\/","name":"CARTV fleet - CARTV","isPartOf":{"@id":"https:\/\/www.cartv.eu\/pl\/#website"},"datePublished":"2019-04-18T07:53:08+00:00","dateModified":"2022-08-29T15:35:55+00:00","description":"W CARTV fleet firmy i instytucje leasingowe mog\u0105 wycenia\u0107 lub sprzedawa\u0107 swoje pojazdy. Lukratywny biznes, poniewa\u017c CARTV zadba o to aby te pojazdy zosta\u0142y dobrze i pewnie sprzedane.","breadcrumb":{"@id":"https:\/\/www.cartv.eu\/pl\/serwis-i-produkty\/cartv-fleet\/#breadcrumb"},"inLanguage":"pl-PL","potentialAction":[{"@type":"ReadAction","target":["https:\/\/www.cartv.eu\/pl\/serwis-i-produkty\/cartv-fleet\/"]}]},{"@type":"BreadcrumbList","@id":"https:\/\/www.cartv.eu\/pl\/serwis-i-produkty\/cartv-fleet\/#breadcrumb","itemListElement":[{"@type":"ListItem","position":1,"name":"Startseite","item":"https:\/\/www.cartv.eu\/pl\/"},{"@type":"ListItem","position":2,"name":"Serwis i produkty","item":"https:\/\/www.cartv.eu\/pl\/serwis-i-produkty\/"},{"@type":"ListItem","position":3,"name":"CARTV fleet"}]},{"@type":"WebSite","@id":"https:\/\/www.cartv.eu\/pl\/#website","url":"https:\/\/www.cartv.eu\/pl\/","name":"CARTV","description":"","potentialAction":[{"@type":"SearchAction","target":{"@type":"EntryPoint","urlTemplate":"https:\/\/www.cartv.eu\/pl\/?s={search_term_string}"},"query-input":{"@type":"PropertyValueSpecification","valueRequired":true,"valueName":"search_term_string"}}],"inLanguage":"pl-PL"}]}},"_links":{"self":[{"href":"https:\/\/www.cartv.eu\/pl\/wp-json\/wp\/v2\/pages\/2123","targetHints":{"allow":["GET"]}}],"collection":[{"href":"https:\/\/www.cartv.eu\/pl\/wp-json\/wp\/v2\/pages"}],"about":[{"href":"https:\/\/www.cartv.eu\/pl\/wp-json\/wp\/v2\/types\/page"}],"author":[{"embeddable":true,"href":"https:\/\/www.cartv.eu\/pl\/wp-json\/wp\/v2\/users\/1"}],"replies":[{"embeddable":true,"href":"https:\/\/www.cartv.eu\/pl\/wp-json\/wp\/v2\/comments?post=2123"}],"version-history":[{"count":8,"href":"https:\/\/www.cartv.eu\/pl\/wp-json\/wp\/v2\/pages\/2123\/revisions"}],"predecessor-version":[{"id":8030,"href":"https:\/\/www.cartv.eu\/pl\/wp-json\/wp\/v2\/pages\/2123\/revisions\/8030"}],"up":[{"embeddable":true,"href":"https:\/\/www.cartv.eu\/pl\/wp-json\/wp\/v2\/pages\/2789"}],"wp:attachment":[{"href":"https:\/\/www.cartv.eu\/pl\/wp-json\/wp\/v2\/media?parent=2123"}],"curies":[{"name":"wp","href":"https:\/\/api.w.org\/{rel}","templated":true}]}}