{"id":2110,"date":"2019-04-18T08:53:56","date_gmt":"2019-04-18T07:53:56","guid":{"rendered":"https:\/\/goalive.cartv.eu\/cartv-tracking\/"},"modified":"2022-08-29T16:20:37","modified_gmt":"2022-08-29T15:20:37","slug":"cartv-tracking","status":"publish","type":"page","link":"https:\/\/www.cartv.eu\/pl\/serwis-i-produkty\/cartv-tracking\/","title":{"rendered":"CARTV tracking"},"content":{"rendered":"","protected":false},"excerpt":{"rendered":"","protected":false},"author":1,"featured_media":0,"parent":2789,"menu_order":0,"comment_status":"closed","ping_status":"closed","template":"","meta":{"inline_featured_image":false,"footnotes":""},"class_list":["post-2110","page","type-page","status-publish","hentry"],"acf":[],"yoast_head":"<!-- This site is optimized with the Yoast SEO plugin v25.4 - https:\/\/yoast.com\/wordpress\/plugins\/seo\/ -->\n<title>CARTV tracking - CARTV<\/title>\n<meta name=\"description\" content=\"CARTV tracking oferuje rzeczoznawcom i ubezpieczalniom dost\u0119p do bie\u017c\u0105cych aukcji online. W ten spos\u00f3b mo\u017cna \u015bledzi\u0107 aktualny status zamieszczonych og\u0142osze\u0144.\" \/>\n<meta name=\"robots\" content=\"index, follow, max-snippet:-1, max-image-preview:large, max-video-preview:-1\" \/>\n<link rel=\"canonical\" href=\"https:\/\/www.cartv.eu\/pl\/serwis-i-produkty\/cartv-tracking\/\" \/>\n<meta property=\"og:locale\" content=\"pl_PL\" \/>\n<meta property=\"og:type\" content=\"article\" \/>\n<meta property=\"og:title\" content=\"CARTV tracking - CARTV\" \/>\n<meta property=\"og:description\" content=\"CARTV tracking oferuje rzeczoznawcom i ubezpieczalniom dost\u0119p do bie\u017c\u0105cych aukcji online. W ten spos\u00f3b mo\u017cna \u015bledzi\u0107 aktualny status zamieszczonych og\u0142osze\u0144.\" \/>\n<meta property=\"og:url\" content=\"https:\/\/www.cartv.eu\/pl\/serwis-i-produkty\/cartv-tracking\/\" \/>\n<meta property=\"og:site_name\" content=\"CARTV\" \/>\n<meta property=\"article:modified_time\" content=\"2022-08-29T15:20:37+00:00\" \/>\n<meta name=\"twitter:card\" content=\"summary_large_image\" \/>\n<script type=\"application\/ld+json\" class=\"yoast-schema-graph\">{\"@context\":\"https:\/\/schema.org\",\"@graph\":[{\"@type\":\"WebPage\",\"@id\":\"https:\/\/www.cartv.eu\/pl\/serwis-i-produkty\/cartv-tracking\/\",\"url\":\"https:\/\/www.cartv.eu\/pl\/serwis-i-produkty\/cartv-tracking\/\",\"name\":\"CARTV tracking - CARTV\",\"isPartOf\":{\"@id\":\"https:\/\/www.cartv.eu\/pl\/#website\"},\"datePublished\":\"2019-04-18T07:53:56+00:00\",\"dateModified\":\"2022-08-29T15:20:37+00:00\",\"description\":\"CARTV tracking oferuje rzeczoznawcom i ubezpieczalniom dost\u0119p do bie\u017c\u0105cych aukcji online. W ten spos\u00f3b mo\u017cna \u015bledzi\u0107 aktualny status zamieszczonych og\u0142osze\u0144.\",\"breadcrumb\":{\"@id\":\"https:\/\/www.cartv.eu\/pl\/serwis-i-produkty\/cartv-tracking\/#breadcrumb\"},\"inLanguage\":\"pl-PL\",\"potentialAction\":[{\"@type\":\"ReadAction\",\"target\":[\"https:\/\/www.cartv.eu\/pl\/serwis-i-produkty\/cartv-tracking\/\"]}]},{\"@type\":\"BreadcrumbList\",\"@id\":\"https:\/\/www.cartv.eu\/pl\/serwis-i-produkty\/cartv-tracking\/#breadcrumb\",\"itemListElement\":[{\"@type\":\"ListItem\",\"position\":1,\"name\":\"Startseite\",\"item\":\"https:\/\/www.cartv.eu\/pl\/\"},{\"@type\":\"ListItem\",\"position\":2,\"name\":\"Serwis i produkty\",\"item\":\"https:\/\/www.cartv.eu\/pl\/serwis-i-produkty\/\"},{\"@type\":\"ListItem\",\"position\":3,\"name\":\"CARTV tracking\"}]},{\"@type\":\"WebSite\",\"@id\":\"https:\/\/www.cartv.eu\/pl\/#website\",\"url\":\"https:\/\/www.cartv.eu\/pl\/\",\"name\":\"CARTV\",\"description\":\"\",\"potentialAction\":[{\"@type\":\"SearchAction\",\"target\":{\"@type\":\"EntryPoint\",\"urlTemplate\":\"https:\/\/www.cartv.eu\/pl\/?s={search_term_string}\"},\"query-input\":{\"@type\":\"PropertyValueSpecification\",\"valueRequired\":true,\"valueName\":\"search_term_string\"}}],\"inLanguage\":\"pl-PL\"}]}<\/script>\n<!-- \/ Yoast SEO plugin. -->","yoast_head_json":{"title":"CARTV tracking - CARTV","description":"CARTV tracking oferuje rzeczoznawcom i ubezpieczalniom dost\u0119p do bie\u017c\u0105cych aukcji online. W ten spos\u00f3b mo\u017cna \u015bledzi\u0107 aktualny status zamieszczonych og\u0142osze\u0144.","robots":{"index":"index","follow":"follow","max-snippet":"max-snippet:-1","max-image-preview":"max-image-preview:large","max-video-preview":"max-video-preview:-1"},"canonical":"https:\/\/www.cartv.eu\/pl\/serwis-i-produkty\/cartv-tracking\/","og_locale":"pl_PL","og_type":"article","og_title":"CARTV tracking - CARTV","og_description":"CARTV tracking oferuje rzeczoznawcom i ubezpieczalniom dost\u0119p do bie\u017c\u0105cych aukcji online. W ten spos\u00f3b mo\u017cna \u015bledzi\u0107 aktualny status zamieszczonych og\u0142osze\u0144.","og_url":"https:\/\/www.cartv.eu\/pl\/serwis-i-produkty\/cartv-tracking\/","og_site_name":"CARTV","article_modified_time":"2022-08-29T15:20:37+00:00","twitter_card":"summary_large_image","schema":{"@context":"https:\/\/schema.org","@graph":[{"@type":"WebPage","@id":"https:\/\/www.cartv.eu\/pl\/serwis-i-produkty\/cartv-tracking\/","url":"https:\/\/www.cartv.eu\/pl\/serwis-i-produkty\/cartv-tracking\/","name":"CARTV tracking - CARTV","isPartOf":{"@id":"https:\/\/www.cartv.eu\/pl\/#website"},"datePublished":"2019-04-18T07:53:56+00:00","dateModified":"2022-08-29T15:20:37+00:00","description":"CARTV tracking oferuje rzeczoznawcom i ubezpieczalniom dost\u0119p do bie\u017c\u0105cych aukcji online. W ten spos\u00f3b mo\u017cna \u015bledzi\u0107 aktualny status zamieszczonych og\u0142osze\u0144.","breadcrumb":{"@id":"https:\/\/www.cartv.eu\/pl\/serwis-i-produkty\/cartv-tracking\/#breadcrumb"},"inLanguage":"pl-PL","potentialAction":[{"@type":"ReadAction","target":["https:\/\/www.cartv.eu\/pl\/serwis-i-produkty\/cartv-tracking\/"]}]},{"@type":"BreadcrumbList","@id":"https:\/\/www.cartv.eu\/pl\/serwis-i-produkty\/cartv-tracking\/#breadcrumb","itemListElement":[{"@type":"ListItem","position":1,"name":"Startseite","item":"https:\/\/www.cartv.eu\/pl\/"},{"@type":"ListItem","position":2,"name":"Serwis i produkty","item":"https:\/\/www.cartv.eu\/pl\/serwis-i-produkty\/"},{"@type":"ListItem","position":3,"name":"CARTV tracking"}]},{"@type":"WebSite","@id":"https:\/\/www.cartv.eu\/pl\/#website","url":"https:\/\/www.cartv.eu\/pl\/","name":"CARTV","description":"","potentialAction":[{"@type":"SearchAction","target":{"@type":"EntryPoint","urlTemplate":"https:\/\/www.cartv.eu\/pl\/?s={search_term_string}"},"query-input":{"@type":"PropertyValueSpecification","valueRequired":true,"valueName":"search_term_string"}}],"inLanguage":"pl-PL"}]}},"_links":{"self":[{"href":"https:\/\/www.cartv.eu\/pl\/wp-json\/wp\/v2\/pages\/2110","targetHints":{"allow":["GET"]}}],"collection":[{"href":"https:\/\/www.cartv.eu\/pl\/wp-json\/wp\/v2\/pages"}],"about":[{"href":"https:\/\/www.cartv.eu\/pl\/wp-json\/wp\/v2\/types\/page"}],"author":[{"embeddable":true,"href":"https:\/\/www.cartv.eu\/pl\/wp-json\/wp\/v2\/users\/1"}],"replies":[{"embeddable":true,"href":"https:\/\/www.cartv.eu\/pl\/wp-json\/wp\/v2\/comments?post=2110"}],"version-history":[{"count":4,"href":"https:\/\/www.cartv.eu\/pl\/wp-json\/wp\/v2\/pages\/2110\/revisions"}],"predecessor-version":[{"id":8013,"href":"https:\/\/www.cartv.eu\/pl\/wp-json\/wp\/v2\/pages\/2110\/revisions\/8013"}],"up":[{"embeddable":true,"href":"https:\/\/www.cartv.eu\/pl\/wp-json\/wp\/v2\/pages\/2789"}],"wp:attachment":[{"href":"https:\/\/www.cartv.eu\/pl\/wp-json\/wp\/v2\/media?parent=2110"}],"curies":[{"name":"wp","href":"https:\/\/api.w.org\/{rel}","templated":true}]}}