{"id":2107,"date":"2019-04-18T08:52:15","date_gmt":"2019-04-18T07:52:15","guid":{"rendered":"https:\/\/goalive.cartv.eu\/cartv-statistics\/"},"modified":"2022-09-08T12:20:07","modified_gmt":"2022-09-08T11:20:07","slug":"cartv-statistics","status":"publish","type":"page","link":"https:\/\/www.cartv.eu\/pl\/serwis-i-produkty\/cartv-statistics\/","title":{"rendered":"CARTV statistics"},"content":{"rendered":"","protected":false},"excerpt":{"rendered":"","protected":false},"author":1,"featured_media":0,"parent":2789,"menu_order":0,"comment_status":"closed","ping_status":"closed","template":"","meta":{"inline_featured_image":false,"footnotes":""},"class_list":["post-2107","page","type-page","status-publish","hentry"],"acf":[],"yoast_head":"<!-- This site is optimized with the Yoast SEO plugin v25.4 - https:\/\/yoast.com\/wordpress\/plugins\/seo\/ -->\n<title>CARTV statistics - CARTV<\/title>\n<meta name=\"description\" content=\"CARTV statistics oferuje dostosowane do klienta wyceny dla dealerow, towarzystw ubezpieczeniowych, organizacji zrzeszaj\u0105cych rzeczoznawc\u00f3w oraz rzeczoznawc\u00f3w indywidualnych.\" \/>\n<meta name=\"robots\" content=\"index, follow, max-snippet:-1, max-image-preview:large, max-video-preview:-1\" \/>\n<link rel=\"canonical\" href=\"https:\/\/www.cartv.eu\/pl\/serwis-i-produkty\/cartv-statistics\/\" \/>\n<meta property=\"og:locale\" content=\"pl_PL\" \/>\n<meta property=\"og:type\" content=\"article\" \/>\n<meta property=\"og:title\" content=\"CARTV statistics - CARTV\" \/>\n<meta property=\"og:description\" content=\"CARTV statistics oferuje dostosowane do klienta wyceny dla dealerow, towarzystw ubezpieczeniowych, organizacji zrzeszaj\u0105cych rzeczoznawc\u00f3w oraz rzeczoznawc\u00f3w indywidualnych.\" \/>\n<meta property=\"og:url\" content=\"https:\/\/www.cartv.eu\/pl\/serwis-i-produkty\/cartv-statistics\/\" \/>\n<meta property=\"og:site_name\" content=\"CARTV\" \/>\n<meta property=\"article:modified_time\" content=\"2022-09-08T11:20:07+00:00\" \/>\n<meta name=\"twitter:card\" content=\"summary_large_image\" \/>\n<script type=\"application\/ld+json\" class=\"yoast-schema-graph\">{\"@context\":\"https:\/\/schema.org\",\"@graph\":[{\"@type\":\"WebPage\",\"@id\":\"https:\/\/www.cartv.eu\/pl\/serwis-i-produkty\/cartv-statistics\/\",\"url\":\"https:\/\/www.cartv.eu\/pl\/serwis-i-produkty\/cartv-statistics\/\",\"name\":\"CARTV statistics - CARTV\",\"isPartOf\":{\"@id\":\"https:\/\/www.cartv.eu\/pl\/#website\"},\"datePublished\":\"2019-04-18T07:52:15+00:00\",\"dateModified\":\"2022-09-08T11:20:07+00:00\",\"description\":\"CARTV statistics oferuje dostosowane do klienta wyceny dla dealerow, towarzystw ubezpieczeniowych, organizacji zrzeszaj\u0105cych rzeczoznawc\u00f3w oraz rzeczoznawc\u00f3w indywidualnych.\",\"breadcrumb\":{\"@id\":\"https:\/\/www.cartv.eu\/pl\/serwis-i-produkty\/cartv-statistics\/#breadcrumb\"},\"inLanguage\":\"pl-PL\",\"potentialAction\":[{\"@type\":\"ReadAction\",\"target\":[\"https:\/\/www.cartv.eu\/pl\/serwis-i-produkty\/cartv-statistics\/\"]}]},{\"@type\":\"BreadcrumbList\",\"@id\":\"https:\/\/www.cartv.eu\/pl\/serwis-i-produkty\/cartv-statistics\/#breadcrumb\",\"itemListElement\":[{\"@type\":\"ListItem\",\"position\":1,\"name\":\"Startseite\",\"item\":\"https:\/\/www.cartv.eu\/pl\/\"},{\"@type\":\"ListItem\",\"position\":2,\"name\":\"Serwis i produkty\",\"item\":\"https:\/\/www.cartv.eu\/pl\/serwis-i-produkty\/\"},{\"@type\":\"ListItem\",\"position\":3,\"name\":\"CARTV statistics\"}]},{\"@type\":\"WebSite\",\"@id\":\"https:\/\/www.cartv.eu\/pl\/#website\",\"url\":\"https:\/\/www.cartv.eu\/pl\/\",\"name\":\"CARTV\",\"description\":\"\",\"potentialAction\":[{\"@type\":\"SearchAction\",\"target\":{\"@type\":\"EntryPoint\",\"urlTemplate\":\"https:\/\/www.cartv.eu\/pl\/?s={search_term_string}\"},\"query-input\":{\"@type\":\"PropertyValueSpecification\",\"valueRequired\":true,\"valueName\":\"search_term_string\"}}],\"inLanguage\":\"pl-PL\"}]}<\/script>\n<!-- \/ Yoast SEO plugin. -->","yoast_head_json":{"title":"CARTV statistics - CARTV","description":"CARTV statistics oferuje dostosowane do klienta wyceny dla dealerow, towarzystw ubezpieczeniowych, organizacji zrzeszaj\u0105cych rzeczoznawc\u00f3w oraz rzeczoznawc\u00f3w indywidualnych.","robots":{"index":"index","follow":"follow","max-snippet":"max-snippet:-1","max-image-preview":"max-image-preview:large","max-video-preview":"max-video-preview:-1"},"canonical":"https:\/\/www.cartv.eu\/pl\/serwis-i-produkty\/cartv-statistics\/","og_locale":"pl_PL","og_type":"article","og_title":"CARTV statistics - CARTV","og_description":"CARTV statistics oferuje dostosowane do klienta wyceny dla dealerow, towarzystw ubezpieczeniowych, organizacji zrzeszaj\u0105cych rzeczoznawc\u00f3w oraz rzeczoznawc\u00f3w indywidualnych.","og_url":"https:\/\/www.cartv.eu\/pl\/serwis-i-produkty\/cartv-statistics\/","og_site_name":"CARTV","article_modified_time":"2022-09-08T11:20:07+00:00","twitter_card":"summary_large_image","schema":{"@context":"https:\/\/schema.org","@graph":[{"@type":"WebPage","@id":"https:\/\/www.cartv.eu\/pl\/serwis-i-produkty\/cartv-statistics\/","url":"https:\/\/www.cartv.eu\/pl\/serwis-i-produkty\/cartv-statistics\/","name":"CARTV statistics - CARTV","isPartOf":{"@id":"https:\/\/www.cartv.eu\/pl\/#website"},"datePublished":"2019-04-18T07:52:15+00:00","dateModified":"2022-09-08T11:20:07+00:00","description":"CARTV statistics oferuje dostosowane do klienta wyceny dla dealerow, towarzystw ubezpieczeniowych, organizacji zrzeszaj\u0105cych rzeczoznawc\u00f3w oraz rzeczoznawc\u00f3w indywidualnych.","breadcrumb":{"@id":"https:\/\/www.cartv.eu\/pl\/serwis-i-produkty\/cartv-statistics\/#breadcrumb"},"inLanguage":"pl-PL","potentialAction":[{"@type":"ReadAction","target":["https:\/\/www.cartv.eu\/pl\/serwis-i-produkty\/cartv-statistics\/"]}]},{"@type":"BreadcrumbList","@id":"https:\/\/www.cartv.eu\/pl\/serwis-i-produkty\/cartv-statistics\/#breadcrumb","itemListElement":[{"@type":"ListItem","position":1,"name":"Startseite","item":"https:\/\/www.cartv.eu\/pl\/"},{"@type":"ListItem","position":2,"name":"Serwis i produkty","item":"https:\/\/www.cartv.eu\/pl\/serwis-i-produkty\/"},{"@type":"ListItem","position":3,"name":"CARTV statistics"}]},{"@type":"WebSite","@id":"https:\/\/www.cartv.eu\/pl\/#website","url":"https:\/\/www.cartv.eu\/pl\/","name":"CARTV","description":"","potentialAction":[{"@type":"SearchAction","target":{"@type":"EntryPoint","urlTemplate":"https:\/\/www.cartv.eu\/pl\/?s={search_term_string}"},"query-input":{"@type":"PropertyValueSpecification","valueRequired":true,"valueName":"search_term_string"}}],"inLanguage":"pl-PL"}]}},"_links":{"self":[{"href":"https:\/\/www.cartv.eu\/pl\/wp-json\/wp\/v2\/pages\/2107","targetHints":{"allow":["GET"]}}],"collection":[{"href":"https:\/\/www.cartv.eu\/pl\/wp-json\/wp\/v2\/pages"}],"about":[{"href":"https:\/\/www.cartv.eu\/pl\/wp-json\/wp\/v2\/types\/page"}],"author":[{"embeddable":true,"href":"https:\/\/www.cartv.eu\/pl\/wp-json\/wp\/v2\/users\/1"}],"replies":[{"embeddable":true,"href":"https:\/\/www.cartv.eu\/pl\/wp-json\/wp\/v2\/comments?post=2107"}],"version-history":[{"count":4,"href":"https:\/\/www.cartv.eu\/pl\/wp-json\/wp\/v2\/pages\/2107\/revisions"}],"predecessor-version":[{"id":8092,"href":"https:\/\/www.cartv.eu\/pl\/wp-json\/wp\/v2\/pages\/2107\/revisions\/8092"}],"up":[{"embeddable":true,"href":"https:\/\/www.cartv.eu\/pl\/wp-json\/wp\/v2\/pages\/2789"}],"wp:attachment":[{"href":"https:\/\/www.cartv.eu\/pl\/wp-json\/wp\/v2\/media?parent=2107"}],"curies":[{"name":"wp","href":"https:\/\/api.w.org\/{rel}","templated":true}]}}