{"id":2089,"date":"2019-03-29T13:30:27","date_gmt":"2019-03-29T12:30:27","guid":{"rendered":"https:\/\/goalive.cartv.eu\/verkaufsabwicklung\/"},"modified":"2022-08-29T15:14:07","modified_gmt":"2022-08-29T14:14:07","slug":"realizacja-sprzedazy","status":"publish","type":"page","link":"https:\/\/www.cartv.eu\/pl\/realizacja-sprzedazy\/","title":{"rendered":"Realizacja sprzeda\u017cy"},"content":{"rendered":"","protected":false},"excerpt":{"rendered":"","protected":false},"author":1,"featured_media":0,"parent":0,"menu_order":0,"comment_status":"closed","ping_status":"closed","template":"","meta":{"inline_featured_image":false,"footnotes":""},"class_list":["post-2089","page","type-page","status-publish","hentry"],"acf":[],"yoast_head":"<!-- This site is optimized with the Yoast SEO plugin v25.4 - https:\/\/yoast.com\/wordpress\/plugins\/seo\/ -->\n<title>Realizacja sprzeda\u017cy - CARTV<\/title>\n<meta name=\"description\" content=\"Obs\u0142uga transakcji All4you to g\u0142\u00f3wny punkt kontaktowy dla w\u0142a\u015bcicieli, ubezpieczalni, rzeczoznawc\u00f3w oraz dealer\u00f3w, kt\u00f3rzy chc\u0105 ustali\u0107 warto\u015b\u0107 samochodu powypadkowego albo go sprzeda\u0107 lub kupi\u0107.\" \/>\n<meta name=\"robots\" content=\"index, follow, max-snippet:-1, max-image-preview:large, max-video-preview:-1\" \/>\n<link rel=\"canonical\" href=\"https:\/\/www.cartv.eu\/pl\/realizacja-sprzedazy\/\" \/>\n<meta property=\"og:locale\" content=\"pl_PL\" \/>\n<meta property=\"og:type\" content=\"article\" \/>\n<meta property=\"og:title\" content=\"Realizacja sprzeda\u017cy - CARTV\" \/>\n<meta property=\"og:description\" content=\"Obs\u0142uga transakcji All4you to g\u0142\u00f3wny punkt kontaktowy dla w\u0142a\u015bcicieli, ubezpieczalni, rzeczoznawc\u00f3w oraz dealer\u00f3w, kt\u00f3rzy chc\u0105 ustali\u0107 warto\u015b\u0107 samochodu powypadkowego albo go sprzeda\u0107 lub kupi\u0107.\" \/>\n<meta property=\"og:url\" content=\"https:\/\/www.cartv.eu\/pl\/realizacja-sprzedazy\/\" \/>\n<meta property=\"og:site_name\" content=\"CARTV\" \/>\n<meta property=\"article:modified_time\" content=\"2022-08-29T14:14:07+00:00\" \/>\n<meta name=\"twitter:card\" content=\"summary_large_image\" \/>\n<script type=\"application\/ld+json\" class=\"yoast-schema-graph\">{\"@context\":\"https:\/\/schema.org\",\"@graph\":[{\"@type\":\"WebPage\",\"@id\":\"https:\/\/www.cartv.eu\/pl\/realizacja-sprzedazy\/\",\"url\":\"https:\/\/www.cartv.eu\/pl\/realizacja-sprzedazy\/\",\"name\":\"Realizacja sprzeda\u017cy - CARTV\",\"isPartOf\":{\"@id\":\"https:\/\/www.cartv.eu\/pl\/#website\"},\"datePublished\":\"2019-03-29T12:30:27+00:00\",\"dateModified\":\"2022-08-29T14:14:07+00:00\",\"description\":\"Obs\u0142uga transakcji All4you to g\u0142\u00f3wny punkt kontaktowy dla w\u0142a\u015bcicieli, ubezpieczalni, rzeczoznawc\u00f3w oraz dealer\u00f3w, kt\u00f3rzy chc\u0105 ustali\u0107 warto\u015b\u0107 samochodu powypadkowego albo go sprzeda\u0107 lub kupi\u0107.\",\"breadcrumb\":{\"@id\":\"https:\/\/www.cartv.eu\/pl\/realizacja-sprzedazy\/#breadcrumb\"},\"inLanguage\":\"pl-PL\",\"potentialAction\":[{\"@type\":\"ReadAction\",\"target\":[\"https:\/\/www.cartv.eu\/pl\/realizacja-sprzedazy\/\"]}]},{\"@type\":\"BreadcrumbList\",\"@id\":\"https:\/\/www.cartv.eu\/pl\/realizacja-sprzedazy\/#breadcrumb\",\"itemListElement\":[{\"@type\":\"ListItem\",\"position\":1,\"name\":\"Startseite\",\"item\":\"https:\/\/www.cartv.eu\/pl\/\"},{\"@type\":\"ListItem\",\"position\":2,\"name\":\"Realizacja sprzeda\u017cy\"}]},{\"@type\":\"WebSite\",\"@id\":\"https:\/\/www.cartv.eu\/pl\/#website\",\"url\":\"https:\/\/www.cartv.eu\/pl\/\",\"name\":\"CARTV\",\"description\":\"\",\"potentialAction\":[{\"@type\":\"SearchAction\",\"target\":{\"@type\":\"EntryPoint\",\"urlTemplate\":\"https:\/\/www.cartv.eu\/pl\/?s={search_term_string}\"},\"query-input\":{\"@type\":\"PropertyValueSpecification\",\"valueRequired\":true,\"valueName\":\"search_term_string\"}}],\"inLanguage\":\"pl-PL\"}]}<\/script>\n<!-- \/ Yoast SEO plugin. -->","yoast_head_json":{"title":"Realizacja sprzeda\u017cy - CARTV","description":"Obs\u0142uga transakcji All4you to g\u0142\u00f3wny punkt kontaktowy dla w\u0142a\u015bcicieli, ubezpieczalni, rzeczoznawc\u00f3w oraz dealer\u00f3w, kt\u00f3rzy chc\u0105 ustali\u0107 warto\u015b\u0107 samochodu powypadkowego albo go sprzeda\u0107 lub kupi\u0107.","robots":{"index":"index","follow":"follow","max-snippet":"max-snippet:-1","max-image-preview":"max-image-preview:large","max-video-preview":"max-video-preview:-1"},"canonical":"https:\/\/www.cartv.eu\/pl\/realizacja-sprzedazy\/","og_locale":"pl_PL","og_type":"article","og_title":"Realizacja sprzeda\u017cy - CARTV","og_description":"Obs\u0142uga transakcji All4you to g\u0142\u00f3wny punkt kontaktowy dla w\u0142a\u015bcicieli, ubezpieczalni, rzeczoznawc\u00f3w oraz dealer\u00f3w, kt\u00f3rzy chc\u0105 ustali\u0107 warto\u015b\u0107 samochodu powypadkowego albo go sprzeda\u0107 lub kupi\u0107.","og_url":"https:\/\/www.cartv.eu\/pl\/realizacja-sprzedazy\/","og_site_name":"CARTV","article_modified_time":"2022-08-29T14:14:07+00:00","twitter_card":"summary_large_image","schema":{"@context":"https:\/\/schema.org","@graph":[{"@type":"WebPage","@id":"https:\/\/www.cartv.eu\/pl\/realizacja-sprzedazy\/","url":"https:\/\/www.cartv.eu\/pl\/realizacja-sprzedazy\/","name":"Realizacja sprzeda\u017cy - CARTV","isPartOf":{"@id":"https:\/\/www.cartv.eu\/pl\/#website"},"datePublished":"2019-03-29T12:30:27+00:00","dateModified":"2022-08-29T14:14:07+00:00","description":"Obs\u0142uga transakcji All4you to g\u0142\u00f3wny punkt kontaktowy dla w\u0142a\u015bcicieli, ubezpieczalni, rzeczoznawc\u00f3w oraz dealer\u00f3w, kt\u00f3rzy chc\u0105 ustali\u0107 warto\u015b\u0107 samochodu powypadkowego albo go sprzeda\u0107 lub kupi\u0107.","breadcrumb":{"@id":"https:\/\/www.cartv.eu\/pl\/realizacja-sprzedazy\/#breadcrumb"},"inLanguage":"pl-PL","potentialAction":[{"@type":"ReadAction","target":["https:\/\/www.cartv.eu\/pl\/realizacja-sprzedazy\/"]}]},{"@type":"BreadcrumbList","@id":"https:\/\/www.cartv.eu\/pl\/realizacja-sprzedazy\/#breadcrumb","itemListElement":[{"@type":"ListItem","position":1,"name":"Startseite","item":"https:\/\/www.cartv.eu\/pl\/"},{"@type":"ListItem","position":2,"name":"Realizacja sprzeda\u017cy"}]},{"@type":"WebSite","@id":"https:\/\/www.cartv.eu\/pl\/#website","url":"https:\/\/www.cartv.eu\/pl\/","name":"CARTV","description":"","potentialAction":[{"@type":"SearchAction","target":{"@type":"EntryPoint","urlTemplate":"https:\/\/www.cartv.eu\/pl\/?s={search_term_string}"},"query-input":{"@type":"PropertyValueSpecification","valueRequired":true,"valueName":"search_term_string"}}],"inLanguage":"pl-PL"}]}},"_links":{"self":[{"href":"https:\/\/www.cartv.eu\/pl\/wp-json\/wp\/v2\/pages\/2089","targetHints":{"allow":["GET"]}}],"collection":[{"href":"https:\/\/www.cartv.eu\/pl\/wp-json\/wp\/v2\/pages"}],"about":[{"href":"https:\/\/www.cartv.eu\/pl\/wp-json\/wp\/v2\/types\/page"}],"author":[{"embeddable":true,"href":"https:\/\/www.cartv.eu\/pl\/wp-json\/wp\/v2\/users\/1"}],"replies":[{"embeddable":true,"href":"https:\/\/www.cartv.eu\/pl\/wp-json\/wp\/v2\/comments?post=2089"}],"version-history":[{"count":7,"href":"https:\/\/www.cartv.eu\/pl\/wp-json\/wp\/v2\/pages\/2089\/revisions"}],"predecessor-version":[{"id":8002,"href":"https:\/\/www.cartv.eu\/pl\/wp-json\/wp\/v2\/pages\/2089\/revisions\/8002"}],"wp:attachment":[{"href":"https:\/\/www.cartv.eu\/pl\/wp-json\/wp\/v2\/media?parent=2089"}],"curies":[{"name":"wp","href":"https:\/\/api.w.org\/{rel}","templated":true}]}}