{"id":2085,"date":"2019-03-29T13:30:19","date_gmt":"2019-03-29T12:30:19","guid":{"rendered":"https:\/\/goalive.cartv.eu\/restwertermittlung\/"},"modified":"2022-08-29T12:23:12","modified_gmt":"2022-08-29T11:23:12","slug":"ustalanie-wartosci-rezydualnej","status":"publish","type":"page","link":"https:\/\/www.cartv.eu\/pl\/ustalanie-wartosci-rezydualnej\/","title":{"rendered":"Ustalanie warto\u015bci rezydualnej"},"content":{"rendered":"","protected":false},"excerpt":{"rendered":"","protected":false},"author":1,"featured_media":0,"parent":0,"menu_order":0,"comment_status":"closed","ping_status":"closed","template":"","meta":{"inline_featured_image":false,"footnotes":""},"class_list":["post-2085","page","type-page","status-publish","hentry"],"acf":[],"yoast_head":"<!-- This site is optimized with the Yoast SEO plugin v25.4 - https:\/\/yoast.com\/wordpress\/plugins\/seo\/ -->\n<title>Ustalanie warto\u015bci rezydualnej - CARTV<\/title>\n<meta name=\"description\" content=\"Jak w\u0142a\u015bciwie wygl\u0105da ustalanie warto\u015bci rezydualnej? Dowiedz si\u0119 wi\u0119cej.\" \/>\n<meta name=\"robots\" content=\"index, follow, max-snippet:-1, max-image-preview:large, max-video-preview:-1\" \/>\n<link rel=\"canonical\" href=\"https:\/\/www.cartv.eu\/pl\/ustalanie-wartosci-rezydualnej\/\" \/>\n<meta property=\"og:locale\" content=\"pl_PL\" \/>\n<meta property=\"og:type\" content=\"article\" \/>\n<meta property=\"og:title\" content=\"Ustalanie warto\u015bci rezydualnej - CARTV\" \/>\n<meta property=\"og:description\" content=\"Jak w\u0142a\u015bciwie wygl\u0105da ustalanie warto\u015bci rezydualnej? Dowiedz si\u0119 wi\u0119cej.\" \/>\n<meta property=\"og:url\" content=\"https:\/\/www.cartv.eu\/pl\/ustalanie-wartosci-rezydualnej\/\" \/>\n<meta property=\"og:site_name\" content=\"CARTV\" \/>\n<meta property=\"article:modified_time\" content=\"2022-08-29T11:23:12+00:00\" \/>\n<meta name=\"twitter:card\" content=\"summary_large_image\" \/>\n<script type=\"application\/ld+json\" class=\"yoast-schema-graph\">{\"@context\":\"https:\/\/schema.org\",\"@graph\":[{\"@type\":\"WebPage\",\"@id\":\"https:\/\/www.cartv.eu\/pl\/ustalanie-wartosci-rezydualnej\/\",\"url\":\"https:\/\/www.cartv.eu\/pl\/ustalanie-wartosci-rezydualnej\/\",\"name\":\"Ustalanie warto\u015bci rezydualnej - CARTV\",\"isPartOf\":{\"@id\":\"https:\/\/www.cartv.eu\/pl\/#website\"},\"datePublished\":\"2019-03-29T12:30:19+00:00\",\"dateModified\":\"2022-08-29T11:23:12+00:00\",\"description\":\"Jak w\u0142a\u015bciwie wygl\u0105da ustalanie warto\u015bci rezydualnej? Dowiedz si\u0119 wi\u0119cej.\",\"breadcrumb\":{\"@id\":\"https:\/\/www.cartv.eu\/pl\/ustalanie-wartosci-rezydualnej\/#breadcrumb\"},\"inLanguage\":\"pl-PL\",\"potentialAction\":[{\"@type\":\"ReadAction\",\"target\":[\"https:\/\/www.cartv.eu\/pl\/ustalanie-wartosci-rezydualnej\/\"]}]},{\"@type\":\"BreadcrumbList\",\"@id\":\"https:\/\/www.cartv.eu\/pl\/ustalanie-wartosci-rezydualnej\/#breadcrumb\",\"itemListElement\":[{\"@type\":\"ListItem\",\"position\":1,\"name\":\"Startseite\",\"item\":\"https:\/\/www.cartv.eu\/pl\/\"},{\"@type\":\"ListItem\",\"position\":2,\"name\":\"Ustalanie warto\u015bci rezydualnej\"}]},{\"@type\":\"WebSite\",\"@id\":\"https:\/\/www.cartv.eu\/pl\/#website\",\"url\":\"https:\/\/www.cartv.eu\/pl\/\",\"name\":\"CARTV\",\"description\":\"\",\"potentialAction\":[{\"@type\":\"SearchAction\",\"target\":{\"@type\":\"EntryPoint\",\"urlTemplate\":\"https:\/\/www.cartv.eu\/pl\/?s={search_term_string}\"},\"query-input\":{\"@type\":\"PropertyValueSpecification\",\"valueRequired\":true,\"valueName\":\"search_term_string\"}}],\"inLanguage\":\"pl-PL\"}]}<\/script>\n<!-- \/ Yoast SEO plugin. -->","yoast_head_json":{"title":"Ustalanie warto\u015bci rezydualnej - CARTV","description":"Jak w\u0142a\u015bciwie wygl\u0105da ustalanie warto\u015bci rezydualnej? Dowiedz si\u0119 wi\u0119cej.","robots":{"index":"index","follow":"follow","max-snippet":"max-snippet:-1","max-image-preview":"max-image-preview:large","max-video-preview":"max-video-preview:-1"},"canonical":"https:\/\/www.cartv.eu\/pl\/ustalanie-wartosci-rezydualnej\/","og_locale":"pl_PL","og_type":"article","og_title":"Ustalanie warto\u015bci rezydualnej - CARTV","og_description":"Jak w\u0142a\u015bciwie wygl\u0105da ustalanie warto\u015bci rezydualnej? Dowiedz si\u0119 wi\u0119cej.","og_url":"https:\/\/www.cartv.eu\/pl\/ustalanie-wartosci-rezydualnej\/","og_site_name":"CARTV","article_modified_time":"2022-08-29T11:23:12+00:00","twitter_card":"summary_large_image","schema":{"@context":"https:\/\/schema.org","@graph":[{"@type":"WebPage","@id":"https:\/\/www.cartv.eu\/pl\/ustalanie-wartosci-rezydualnej\/","url":"https:\/\/www.cartv.eu\/pl\/ustalanie-wartosci-rezydualnej\/","name":"Ustalanie warto\u015bci rezydualnej - CARTV","isPartOf":{"@id":"https:\/\/www.cartv.eu\/pl\/#website"},"datePublished":"2019-03-29T12:30:19+00:00","dateModified":"2022-08-29T11:23:12+00:00","description":"Jak w\u0142a\u015bciwie wygl\u0105da ustalanie warto\u015bci rezydualnej? Dowiedz si\u0119 wi\u0119cej.","breadcrumb":{"@id":"https:\/\/www.cartv.eu\/pl\/ustalanie-wartosci-rezydualnej\/#breadcrumb"},"inLanguage":"pl-PL","potentialAction":[{"@type":"ReadAction","target":["https:\/\/www.cartv.eu\/pl\/ustalanie-wartosci-rezydualnej\/"]}]},{"@type":"BreadcrumbList","@id":"https:\/\/www.cartv.eu\/pl\/ustalanie-wartosci-rezydualnej\/#breadcrumb","itemListElement":[{"@type":"ListItem","position":1,"name":"Startseite","item":"https:\/\/www.cartv.eu\/pl\/"},{"@type":"ListItem","position":2,"name":"Ustalanie warto\u015bci rezydualnej"}]},{"@type":"WebSite","@id":"https:\/\/www.cartv.eu\/pl\/#website","url":"https:\/\/www.cartv.eu\/pl\/","name":"CARTV","description":"","potentialAction":[{"@type":"SearchAction","target":{"@type":"EntryPoint","urlTemplate":"https:\/\/www.cartv.eu\/pl\/?s={search_term_string}"},"query-input":{"@type":"PropertyValueSpecification","valueRequired":true,"valueName":"search_term_string"}}],"inLanguage":"pl-PL"}]}},"_links":{"self":[{"href":"https:\/\/www.cartv.eu\/pl\/wp-json\/wp\/v2\/pages\/2085","targetHints":{"allow":["GET"]}}],"collection":[{"href":"https:\/\/www.cartv.eu\/pl\/wp-json\/wp\/v2\/pages"}],"about":[{"href":"https:\/\/www.cartv.eu\/pl\/wp-json\/wp\/v2\/types\/page"}],"author":[{"embeddable":true,"href":"https:\/\/www.cartv.eu\/pl\/wp-json\/wp\/v2\/users\/1"}],"replies":[{"embeddable":true,"href":"https:\/\/www.cartv.eu\/pl\/wp-json\/wp\/v2\/comments?post=2085"}],"version-history":[{"count":6,"href":"https:\/\/www.cartv.eu\/pl\/wp-json\/wp\/v2\/pages\/2085\/revisions"}],"predecessor-version":[{"id":7839,"href":"https:\/\/www.cartv.eu\/pl\/wp-json\/wp\/v2\/pages\/2085\/revisions\/7839"}],"wp:attachment":[{"href":"https:\/\/www.cartv.eu\/pl\/wp-json\/wp\/v2\/media?parent=2085"}],"curies":[{"name":"wp","href":"https:\/\/api.w.org\/{rel}","templated":true}]}}