{"id":1816,"date":"2019-03-18T10:39:40","date_gmt":"2019-03-18T09:39:40","guid":{"rendered":"https:\/\/mh-test.cartv.de\/cartv2019\/?page_id=1816"},"modified":"2022-08-12T12:53:16","modified_gmt":"2022-08-12T11:53:16","slug":"startseite","status":"publish","type":"page","link":"https:\/\/www.cartv.eu\/pl\/","title":{"rendered":"Homepage"},"content":{"rendered":"","protected":false},"excerpt":{"rendered":"","protected":false},"author":1,"featured_media":0,"parent":0,"menu_order":0,"comment_status":"closed","ping_status":"closed","template":"page-start.php","meta":{"inline_featured_image":false,"footnotes":""},"class_list":["post-1816","page","type-page","status-publish","hentry"],"acf":[],"yoast_head":"<!-- This site is optimized with the Yoast SEO plugin v25.4 - https:\/\/yoast.com\/wordpress\/plugins\/seo\/ -->\n<title>CARTV - die Mehrwertb\u00f6rse unter den Restwertb\u00f6rsen<\/title>\n<meta name=\"description\" content=\"CARTV, jedna z wiod\u0105cych gie\u0142d pojazd\u00f3w powypadkowych i u\u017cywanych w Europie okre\u015bla realistyczn\u0105 warto\u015b\u0107 rezydualn\u0105 twojego pojazdu powypadkowego lub u\u017cywanego.\" \/>\n<meta name=\"robots\" content=\"index, follow, max-snippet:-1, max-image-preview:large, max-video-preview:-1\" \/>\n<link rel=\"canonical\" href=\"https:\/\/www.cartv.eu\/pl\/\" \/>\n<meta property=\"og:locale\" content=\"pl_PL\" \/>\n<meta property=\"og:type\" content=\"article\" \/>\n<meta property=\"og:title\" content=\"CARTV - die Mehrwertb\u00f6rse unter den Restwertb\u00f6rsen\" \/>\n<meta property=\"og:description\" content=\"CARTV, jedna z wiod\u0105cych gie\u0142d pojazd\u00f3w powypadkowych i u\u017cywanych w Europie okre\u015bla realistyczn\u0105 warto\u015b\u0107 rezydualn\u0105 twojego pojazdu powypadkowego lub u\u017cywanego.\" \/>\n<meta property=\"og:url\" content=\"https:\/\/www.cartv.eu\/pl\/\" \/>\n<meta property=\"og:site_name\" content=\"CARTV\" \/>\n<meta property=\"article:modified_time\" content=\"2022-08-12T11:53:16+00:00\" \/>\n<meta name=\"twitter:card\" content=\"summary_large_image\" \/>\n<script type=\"application\/ld+json\" class=\"yoast-schema-graph\">{\"@context\":\"https:\/\/schema.org\",\"@graph\":[{\"@type\":\"WebPage\",\"@id\":\"https:\/\/www.cartv.eu\/pl\/\",\"url\":\"https:\/\/www.cartv.eu\/pl\/\",\"name\":\"CARTV - die Mehrwertb\u00f6rse unter den Restwertb\u00f6rsen\",\"isPartOf\":{\"@id\":\"https:\/\/www.cartv.eu\/pl\/#website\"},\"datePublished\":\"2019-03-18T09:39:40+00:00\",\"dateModified\":\"2022-08-12T11:53:16+00:00\",\"description\":\"CARTV, jedna z wiod\u0105cych gie\u0142d pojazd\u00f3w powypadkowych i u\u017cywanych w Europie okre\u015bla realistyczn\u0105 warto\u015b\u0107 rezydualn\u0105 twojego pojazdu powypadkowego lub u\u017cywanego.\",\"breadcrumb\":{\"@id\":\"https:\/\/www.cartv.eu\/pl\/#breadcrumb\"},\"inLanguage\":\"pl-PL\",\"potentialAction\":[{\"@type\":\"ReadAction\",\"target\":[\"https:\/\/www.cartv.eu\/pl\/\"]}]},{\"@type\":\"BreadcrumbList\",\"@id\":\"https:\/\/www.cartv.eu\/pl\/#breadcrumb\",\"itemListElement\":[{\"@type\":\"ListItem\",\"position\":1,\"name\":\"Startseite\",\"item\":\"https:\/\/www.cartv.eu\/pl\/\"},{\"@type\":\"ListItem\",\"position\":2,\"name\":\"Homepage\"}]},{\"@type\":\"WebSite\",\"@id\":\"https:\/\/www.cartv.eu\/pl\/#website\",\"url\":\"https:\/\/www.cartv.eu\/pl\/\",\"name\":\"CARTV\",\"description\":\"\",\"potentialAction\":[{\"@type\":\"SearchAction\",\"target\":{\"@type\":\"EntryPoint\",\"urlTemplate\":\"https:\/\/www.cartv.eu\/pl\/?s={search_term_string}\"},\"query-input\":{\"@type\":\"PropertyValueSpecification\",\"valueRequired\":true,\"valueName\":\"search_term_string\"}}],\"inLanguage\":\"pl-PL\"}]}<\/script>\n<!-- \/ Yoast SEO plugin. -->","yoast_head_json":{"title":"CARTV - die Mehrwertb\u00f6rse unter den Restwertb\u00f6rsen","description":"CARTV, jedna z wiod\u0105cych gie\u0142d pojazd\u00f3w powypadkowych i u\u017cywanych w Europie okre\u015bla realistyczn\u0105 warto\u015b\u0107 rezydualn\u0105 twojego pojazdu powypadkowego lub u\u017cywanego.","robots":{"index":"index","follow":"follow","max-snippet":"max-snippet:-1","max-image-preview":"max-image-preview:large","max-video-preview":"max-video-preview:-1"},"canonical":"https:\/\/www.cartv.eu\/pl\/","og_locale":"pl_PL","og_type":"article","og_title":"CARTV - die Mehrwertb\u00f6rse unter den Restwertb\u00f6rsen","og_description":"CARTV, jedna z wiod\u0105cych gie\u0142d pojazd\u00f3w powypadkowych i u\u017cywanych w Europie okre\u015bla realistyczn\u0105 warto\u015b\u0107 rezydualn\u0105 twojego pojazdu powypadkowego lub u\u017cywanego.","og_url":"https:\/\/www.cartv.eu\/pl\/","og_site_name":"CARTV","article_modified_time":"2022-08-12T11:53:16+00:00","twitter_card":"summary_large_image","schema":{"@context":"https:\/\/schema.org","@graph":[{"@type":"WebPage","@id":"https:\/\/www.cartv.eu\/pl\/","url":"https:\/\/www.cartv.eu\/pl\/","name":"CARTV - die Mehrwertb\u00f6rse unter den Restwertb\u00f6rsen","isPartOf":{"@id":"https:\/\/www.cartv.eu\/pl\/#website"},"datePublished":"2019-03-18T09:39:40+00:00","dateModified":"2022-08-12T11:53:16+00:00","description":"CARTV, jedna z wiod\u0105cych gie\u0142d pojazd\u00f3w powypadkowych i u\u017cywanych w Europie okre\u015bla realistyczn\u0105 warto\u015b\u0107 rezydualn\u0105 twojego pojazdu powypadkowego lub u\u017cywanego.","breadcrumb":{"@id":"https:\/\/www.cartv.eu\/pl\/#breadcrumb"},"inLanguage":"pl-PL","potentialAction":[{"@type":"ReadAction","target":["https:\/\/www.cartv.eu\/pl\/"]}]},{"@type":"BreadcrumbList","@id":"https:\/\/www.cartv.eu\/pl\/#breadcrumb","itemListElement":[{"@type":"ListItem","position":1,"name":"Startseite","item":"https:\/\/www.cartv.eu\/pl\/"},{"@type":"ListItem","position":2,"name":"Homepage"}]},{"@type":"WebSite","@id":"https:\/\/www.cartv.eu\/pl\/#website","url":"https:\/\/www.cartv.eu\/pl\/","name":"CARTV","description":"","potentialAction":[{"@type":"SearchAction","target":{"@type":"EntryPoint","urlTemplate":"https:\/\/www.cartv.eu\/pl\/?s={search_term_string}"},"query-input":{"@type":"PropertyValueSpecification","valueRequired":true,"valueName":"search_term_string"}}],"inLanguage":"pl-PL"}]}},"_links":{"self":[{"href":"https:\/\/www.cartv.eu\/pl\/wp-json\/wp\/v2\/pages\/1816","targetHints":{"allow":["GET"]}}],"collection":[{"href":"https:\/\/www.cartv.eu\/pl\/wp-json\/wp\/v2\/pages"}],"about":[{"href":"https:\/\/www.cartv.eu\/pl\/wp-json\/wp\/v2\/types\/page"}],"author":[{"embeddable":true,"href":"https:\/\/www.cartv.eu\/pl\/wp-json\/wp\/v2\/users\/1"}],"replies":[{"embeddable":true,"href":"https:\/\/www.cartv.eu\/pl\/wp-json\/wp\/v2\/comments?post=1816"}],"version-history":[{"count":12,"href":"https:\/\/www.cartv.eu\/pl\/wp-json\/wp\/v2\/pages\/1816\/revisions"}],"predecessor-version":[{"id":7405,"href":"https:\/\/www.cartv.eu\/pl\/wp-json\/wp\/v2\/pages\/1816\/revisions\/7405"}],"wp:attachment":[{"href":"https:\/\/www.cartv.eu\/pl\/wp-json\/wp\/v2\/media?parent=1816"}],"curies":[{"name":"wp","href":"https:\/\/api.w.org\/{rel}","templated":true}]}}