{"id":3078,"date":"2019-03-18T10:39:40","date_gmt":"2019-03-18T09:39:40","guid":{"rendered":"https:\/\/goalive.cartv.eu\/startseite\/"},"modified":"2022-08-12T10:56:06","modified_gmt":"2022-08-12T09:56:06","slug":"startseite","status":"publish","type":"page","link":"https:\/\/www.cartv.eu\/cs\/","title":{"rendered":"\u00davodn\u00e1 strana"},"content":{"rendered":"","protected":false},"excerpt":{"rendered":"","protected":false},"author":1,"featured_media":0,"parent":0,"menu_order":0,"comment_status":"closed","ping_status":"closed","template":"page-start.php","meta":{"inline_featured_image":false,"footnotes":""},"class_list":["post-3078","page","type-page","status-publish","hentry"],"acf":[],"yoast_head":"<!-- This site is optimized with the Yoast SEO plugin v25.4 - https:\/\/yoast.com\/wordpress\/plugins\/seo\/ -->\n<title>CARTV - die Mehrwertb\u00f6rse unter den Restwertb\u00f6rsen<\/title>\n<meta name=\"description\" content=\"CARTV, jedna z p\u0159edn\u00edch burz zbytkov\u00e9 hodnoty v Evrop\u011b, ur\u010duje re\u00e1lnou hodnotu v\u00e1\u0161ho bouran\u00e9ho nebo ojet\u00e9ho vozidla.\" \/>\n<meta name=\"robots\" content=\"index, follow, max-snippet:-1, max-image-preview:large, max-video-preview:-1\" \/>\n<link rel=\"canonical\" href=\"https:\/\/www.cartv.eu\/cs\/\" \/>\n<meta property=\"og:locale\" content=\"cs_CZ\" \/>\n<meta property=\"og:type\" content=\"article\" \/>\n<meta property=\"og:title\" content=\"CARTV - die Mehrwertb\u00f6rse unter den Restwertb\u00f6rsen\" \/>\n<meta property=\"og:description\" content=\"CARTV, jedna z p\u0159edn\u00edch burz zbytkov\u00e9 hodnoty v Evrop\u011b, ur\u010duje re\u00e1lnou hodnotu v\u00e1\u0161ho bouran\u00e9ho nebo ojet\u00e9ho vozidla.\" \/>\n<meta property=\"og:url\" content=\"https:\/\/www.cartv.eu\/cs\/\" \/>\n<meta property=\"og:site_name\" content=\"CARTV\" \/>\n<meta property=\"article:modified_time\" content=\"2022-08-12T09:56:06+00:00\" \/>\n<meta name=\"twitter:card\" content=\"summary_large_image\" \/>\n<script type=\"application\/ld+json\" class=\"yoast-schema-graph\">{\"@context\":\"https:\/\/schema.org\",\"@graph\":[{\"@type\":\"WebPage\",\"@id\":\"https:\/\/www.cartv.eu\/cs\/\",\"url\":\"https:\/\/www.cartv.eu\/cs\/\",\"name\":\"CARTV - die Mehrwertb\u00f6rse unter den Restwertb\u00f6rsen\",\"isPartOf\":{\"@id\":\"https:\/\/www.cartv.eu\/cs\/#website\"},\"datePublished\":\"2019-03-18T09:39:40+00:00\",\"dateModified\":\"2022-08-12T09:56:06+00:00\",\"description\":\"CARTV, jedna z p\u0159edn\u00edch burz zbytkov\u00e9 hodnoty v Evrop\u011b, ur\u010duje re\u00e1lnou hodnotu v\u00e1\u0161ho bouran\u00e9ho nebo ojet\u00e9ho vozidla.\",\"breadcrumb\":{\"@id\":\"https:\/\/www.cartv.eu\/cs\/#breadcrumb\"},\"inLanguage\":\"cs\",\"potentialAction\":[{\"@type\":\"ReadAction\",\"target\":[\"https:\/\/www.cartv.eu\/cs\/\"]}]},{\"@type\":\"BreadcrumbList\",\"@id\":\"https:\/\/www.cartv.eu\/cs\/#breadcrumb\",\"itemListElement\":[{\"@type\":\"ListItem\",\"position\":1,\"name\":\"Startseite\",\"item\":\"https:\/\/www.cartv.eu\/cs\/startseite\/\"},{\"@type\":\"ListItem\",\"position\":2,\"name\":\"\u00davodn\u00e1 strana\"}]},{\"@type\":\"WebSite\",\"@id\":\"https:\/\/www.cartv.eu\/cs\/#website\",\"url\":\"https:\/\/www.cartv.eu\/cs\/\",\"name\":\"CARTV\",\"description\":\"\",\"potentialAction\":[{\"@type\":\"SearchAction\",\"target\":{\"@type\":\"EntryPoint\",\"urlTemplate\":\"https:\/\/www.cartv.eu\/cs\/?s={search_term_string}\"},\"query-input\":{\"@type\":\"PropertyValueSpecification\",\"valueRequired\":true,\"valueName\":\"search_term_string\"}}],\"inLanguage\":\"cs\"}]}<\/script>\n<!-- \/ Yoast SEO plugin. -->","yoast_head_json":{"title":"CARTV - die Mehrwertb\u00f6rse unter den Restwertb\u00f6rsen","description":"CARTV, jedna z p\u0159edn\u00edch burz zbytkov\u00e9 hodnoty v Evrop\u011b, ur\u010duje re\u00e1lnou hodnotu v\u00e1\u0161ho bouran\u00e9ho nebo ojet\u00e9ho vozidla.","robots":{"index":"index","follow":"follow","max-snippet":"max-snippet:-1","max-image-preview":"max-image-preview:large","max-video-preview":"max-video-preview:-1"},"canonical":"https:\/\/www.cartv.eu\/cs\/","og_locale":"cs_CZ","og_type":"article","og_title":"CARTV - die Mehrwertb\u00f6rse unter den Restwertb\u00f6rsen","og_description":"CARTV, jedna z p\u0159edn\u00edch burz zbytkov\u00e9 hodnoty v Evrop\u011b, ur\u010duje re\u00e1lnou hodnotu v\u00e1\u0161ho bouran\u00e9ho nebo ojet\u00e9ho vozidla.","og_url":"https:\/\/www.cartv.eu\/cs\/","og_site_name":"CARTV","article_modified_time":"2022-08-12T09:56:06+00:00","twitter_card":"summary_large_image","schema":{"@context":"https:\/\/schema.org","@graph":[{"@type":"WebPage","@id":"https:\/\/www.cartv.eu\/cs\/","url":"https:\/\/www.cartv.eu\/cs\/","name":"CARTV - die Mehrwertb\u00f6rse unter den Restwertb\u00f6rsen","isPartOf":{"@id":"https:\/\/www.cartv.eu\/cs\/#website"},"datePublished":"2019-03-18T09:39:40+00:00","dateModified":"2022-08-12T09:56:06+00:00","description":"CARTV, jedna z p\u0159edn\u00edch burz zbytkov\u00e9 hodnoty v Evrop\u011b, ur\u010duje re\u00e1lnou hodnotu v\u00e1\u0161ho bouran\u00e9ho nebo ojet\u00e9ho vozidla.","breadcrumb":{"@id":"https:\/\/www.cartv.eu\/cs\/#breadcrumb"},"inLanguage":"cs","potentialAction":[{"@type":"ReadAction","target":["https:\/\/www.cartv.eu\/cs\/"]}]},{"@type":"BreadcrumbList","@id":"https:\/\/www.cartv.eu\/cs\/#breadcrumb","itemListElement":[{"@type":"ListItem","position":1,"name":"Startseite","item":"https:\/\/www.cartv.eu\/cs\/startseite\/"},{"@type":"ListItem","position":2,"name":"\u00davodn\u00e1 strana"}]},{"@type":"WebSite","@id":"https:\/\/www.cartv.eu\/cs\/#website","url":"https:\/\/www.cartv.eu\/cs\/","name":"CARTV","description":"","potentialAction":[{"@type":"SearchAction","target":{"@type":"EntryPoint","urlTemplate":"https:\/\/www.cartv.eu\/cs\/?s={search_term_string}"},"query-input":{"@type":"PropertyValueSpecification","valueRequired":true,"valueName":"search_term_string"}}],"inLanguage":"cs"}]}},"_links":{"self":[{"href":"https:\/\/www.cartv.eu\/cs\/wp-json\/wp\/v2\/pages\/3078","targetHints":{"allow":["GET"]}}],"collection":[{"href":"https:\/\/www.cartv.eu\/cs\/wp-json\/wp\/v2\/pages"}],"about":[{"href":"https:\/\/www.cartv.eu\/cs\/wp-json\/wp\/v2\/types\/page"}],"author":[{"embeddable":true,"href":"https:\/\/www.cartv.eu\/cs\/wp-json\/wp\/v2\/users\/1"}],"replies":[{"embeddable":true,"href":"https:\/\/www.cartv.eu\/cs\/wp-json\/wp\/v2\/comments?post=3078"}],"version-history":[{"count":2,"href":"https:\/\/www.cartv.eu\/cs\/wp-json\/wp\/v2\/pages\/3078\/revisions"}],"predecessor-version":[{"id":7402,"href":"https:\/\/www.cartv.eu\/cs\/wp-json\/wp\/v2\/pages\/3078\/revisions\/7402"}],"wp:attachment":[{"href":"https:\/\/www.cartv.eu\/cs\/wp-json\/wp\/v2\/media?parent=3078"}],"curies":[{"name":"wp","href":"https:\/\/api.w.org\/{rel}","templated":true}]}}